{"id":744,"date":"2024-01-03T10:18:59","date_gmt":"2024-01-03T09:18:59","guid":{"rendered":"https:\/\/zithasenior.lu\/whistleblowing\/"},"modified":"2024-01-03T13:10:00","modified_gmt":"2024-01-03T12:10:00","slug":"whistleblowing","status":"publish","type":"page","link":"https:\/\/www.zithasenior.lu\/de\/whistleblowing\/","title":{"rendered":"Whistleblowing"},"content":{"rendered":"<section class=\"wpb-content-wrapper\"><p>[vc_section full_width=&#8220;stretch_row_content&#8220; el_id=&#8220;header-intro&#8220; css=&#8220;.vc_custom_1704273596831{background-image: url(https:\/\/zithasenior.lu\/wp-content\/uploads\/2024\/01\/Group-699.jpg?id=739) !important;background-position: center !important;background-repeat: no-repeat !important;background-size: cover !important;}&#8220;][vc_row full_width=&#8220;stretch_row_content_no_spaces&#8220;][vc_column][\/vc_column][\/vc_row][\/vc_section][vc_section][vc_row][vc_column][vc_column_text]<\/p>\n<h1 style=\"text-align: center;\"><strong>Whistleblowing<\/strong><\/h1>\n<p>[\/vc_column_text][\/vc_column][\/vc_row][\/vc_section][vc_section full_width=&#8220;stretch_row&#8220; el_class=&#8220;background-bottom&#8220; css=&#8220;.vc_custom_1702316150412{margin-bottom: 50px !important;padding-bottom: 150px !important;}&#8220;][vc_row css=&#8220;.vc_custom_1704273658556{padding-bottom: 100px !important;}&#8220;][vc_column][vc_column_text]Gem\u00e4\u00df dem Gesetz vom 16. Mai 2023 zur Umsetzung der Richtlinie (EU) 2019\/1937 des Europ\u00e4ischen Parlaments und des Rates vom 23. Oktober 2019 zum Schutz von Personen, die Verst\u00f6\u00dfe gegen das Unionsrecht oder Unterlassungen melden, schafft Zitha ein internes Meldeverfahren, das Whistleblowern gewidmet ist.<\/p>\n<p>In Zusammenarbeit mit der Firma SEEZAM wurde ein interner Meldekanal eingerichtet, der die Einhaltung der oben genannten Gesetzgebung sowie absolute Vertraulichkeit garantiert. Der Whistleblower kann seine Meldung \u00fcber den folgenden Link einreichen: <a href=\"https:\/\/www.seezam.com\/whistleblower\/?hash=16eeeefaac089b50515a608f5deae1c8\">Whistleblowing<\/a>.<\/p>\n<p>Zitha verpflichtet sich, den Whistleblower zu sch\u00fctzen und seine Meldung gem\u00e4\u00df den gesetzlichen Bestimmungen und Fristen zu bearbeiten. Der Whistleblower erh\u00e4lt innerhalb von sieben Werktagen nach Eingang eine Best\u00e4tigung des Eingangs seiner Meldung und wird innerhalb eines angemessenen Zeitraums \u00fcber die Ergebnisse der Untersuchung aufgrund der von ihm abgegebenen Meldung informiert.<\/p>\n<p>Der interne Meldekanal bezieht sich nur auf Whistleblowing im Sinne des Gesetzes vom 16. Mai 2023 und ist kein Kommunikationskanal f\u00fcr andere m\u00f6gliche Beschwerden. F\u00fcr diese Art von Kommunikation bitten wir Sie, das <a href=\"\/de\/feedback\/\">Online-Feedback-Formular<\/a> zu verwenden.[\/vc_column_text][\/vc_column][\/vc_row][\/vc_section][vc_section el_id=&#8220;contact&#8220;][vc_row el_id=&#8220;contact-head-de&#8220;][vc_column][vc_column_text]<\/p>\n<h2>Kontaktieren Sie uns<\/h2>\n<p>[\/vc_column_text][\/vc_column][\/vc_row][vc_row equal_height=&#8220;yes&#8220; el_id=&#8220;contact-de&#8220;][vc_column width=&#8220;1\/3&#8243;]\n<div class=\"wpcf7 no-js\" id=\"wpcf7-f70-o1\" lang=\"en-US\" dir=\"ltr\">\n<div class=\"screen-reader-response\"><p role=\"status\" aria-live=\"polite\" aria-atomic=\"true\"><\/p> <ul><\/ul><\/div>\n<form action=\"\/de\/wp-json\/wp\/v2\/pages\/744#wpcf7-f70-o1\" method=\"post\" class=\"wpcf7-form init\" aria-label=\"Contact form\" novalidate=\"novalidate\" data-status=\"init\">\n<div style=\"display: none;\">\n<input type=\"hidden\" name=\"_wpcf7\" value=\"70\" \/>\n<input type=\"hidden\" name=\"_wpcf7_version\" value=\"5.8.5\" \/>\n<input type=\"hidden\" name=\"_wpcf7_locale\" value=\"en_US\" \/>\n<input type=\"hidden\" name=\"_wpcf7_unit_tag\" value=\"wpcf7-f70-o1\" \/>\n<input type=\"hidden\" name=\"_wpcf7_container_post\" value=\"0\" \/>\n<input type=\"hidden\" name=\"_wpcf7_posted_data_hash\" value=\"\" \/>\n<input type=\"hidden\" name=\"_wpcf7_recaptcha_response\" value=\"\" \/>\n<\/div>\n<p><label>Nachname<\/label><span class=\"wpcf7-form-control-wrap\" data-name=\"your-name\"><input size=\"40\" class=\"wpcf7-form-control wpcf7-text wpcf7-validates-as-required\" aria-required=\"true\" aria-invalid=\"false\" value=\"\" type=\"text\" name=\"your-name\" \/><\/span>\n<\/p>\n<p><label>Vorname<\/label><span class=\"wpcf7-form-control-wrap\" data-name=\"your-first-name\"><input size=\"40\" class=\"wpcf7-form-control wpcf7-text wpcf7-validates-as-required\" aria-required=\"true\" aria-invalid=\"false\" value=\"\" type=\"text\" name=\"your-first-name\" \/><\/span>\n<\/p>\n<p><label>E-mail<\/label><span class=\"wpcf7-form-control-wrap\" data-name=\"your-email\"><input size=\"40\" class=\"wpcf7-form-control wpcf7-email wpcf7-validates-as-required wpcf7-text wpcf7-validates-as-email\" aria-required=\"true\" aria-invalid=\"false\" value=\"\" type=\"email\" name=\"your-email\" \/><\/span>\n<\/p>\n<p><label>Betreff<\/label><span class=\"wpcf7-form-control-wrap\" data-name=\"your-subject\"><input size=\"40\" class=\"wpcf7-form-control wpcf7-text wpcf7-validates-as-required\" aria-required=\"true\" aria-invalid=\"false\" value=\"\" type=\"text\" name=\"your-subject\" \/><\/span>\n<\/p>\n<p><label>Nachricht<\/label><span class=\"wpcf7-form-control-wrap\" data-name=\"your-message\"><textarea cols=\"40\" rows=\"10\" class=\"wpcf7-form-control wpcf7-textarea wpcf7-validates-as-required\" aria-required=\"true\" aria-invalid=\"false\" name=\"your-message\"><\/textarea><\/span>\n<\/p>\n<p><input class=\"wpcf7-form-control wpcf7-submit has-spinner\" type=\"submit\" value=\"Senden\" \/>\n<\/p><input type='hidden' class='wpcf7-pum' value='{\"closepopup\":false,\"closedelay\":0,\"openpopup\":false,\"openpopup_id\":0}' \/><div class=\"wpcf7-response-output\" aria-hidden=\"true\"><\/div>\n<\/form>\n<\/div>\n[\/vc_column][vc_column width=&#8220;1\/3&#8243;][vc_column_text]F\u00fcr weitere Informationen kontaktieren Sie uns bitte telefonisch, per E-Mail oder f\u00fcllen Sie das nebenstehende Formular aus.<\/p>\n<p>Wir werden uns umgehend bei Ihnen melden.<\/p>\n<p><strong>ZithaSenior<\/strong><br \/>\n30, rue Sainte Zithe L-2763<br \/>\nLuxembourg<br \/>\nTel.: <a href=\"tel:+352401442054\">40 144-2054<\/a><br \/>\nEmail : <a href=\"mailto:info@zitha.lu\">info@zitha.lu<\/a><\/p>\n<p><strong>Stellenangebote:<\/strong><br \/>\nF\u00fcr unsere Stellenangebote und das Senden Ihrer Bewerbung bitten wir Sie, unsere Website zu besuchen: <a href=\"https:\/\/jobs.zitha.lu\" target=\"_blank\" rel=\"nofollow noopener\">jobs.zitha.lu<\/a>[\/vc_column_text][\/vc_column][vc_column width=&#8220;1\/3&#8243;][vc_gmaps link=&#8220;#E-8_JTNDaWZyYW1lJTIwc3JjJTNEJTIyaHR0cHMlM0ElMkYlMkZ3d3cuZ29vZ2xlLmNvbSUyRm1hcHMlMkZlbWJlZCUzRnBiJTNEJTIxMW0xOCUyMTFtMTIlMjExbTMlMjExZDY0Ni40MTI1MzE5NDQxMDE4JTIxMmQ2LjEyODQzNDQ3OTg5MTUzMDUlMjEzZDQ5LjYwNDM0Njk2MzkwMTg2JTIxMm0zJTIxMWYwJTIxMmYwJTIxM2YwJTIxM20yJTIxMWkxMDI0JTIxMmk3NjglMjE0ZjEzLjElMjEzbTMlMjExbTIlMjExczB4NDc5NTQ4ZDEzODhhMmMxMyUyNTNBMHg3ZDZjN2ZjOGI0MmNiODNhJTIxMnNaaXRoYVNlbmlvciUyNTIwU0ElMjE1ZTAlMjEzbTIlMjExc2RlJTIxMnNkZSUyMTR2MTYzNjcyMDg4NjQ2MiUyMTVtMiUyMTFzZGUlMjEyc2RlJTIyJTIwJTIwc3R5bGUlM0QlMjJib3JkZXIlM0EwJTNCJTIyJTIwYWxsb3dmdWxsc2NyZWVuJTNEJTIyJTIyJTIwbG9hZGluZyUzRCUyMmxhenklMjIlM0UlM0MlMkZpZnJhbWUlM0U=&#8220; size=&#8220;405px&#8220; css=&#8220;.vc_custom_1636722034659{margin-bottom: 0px !important;}&#8220;][\/vc_column][\/vc_row][\/vc_section]<\/p>\n<\/section>","protected":false},"excerpt":{"rendered":"<p>[vc_section full_width=&#8220;stretch_row_content&#8220; el_id=&#8220;header-intro&#8220; css=&#8220;.vc_custom_1704273596831{background-image: url(https:\/\/zithasenior.lu\/wp-content\/uploads\/2024\/01\/Group-699.jpg?id=739) !important;background-position: center !important;background-repeat: no-repeat !important;background-size: cover !important;}&#8220;][vc_row full_width=&#8220;stretch_row_content_no_spaces&#8220;][vc_column][\/vc_column][\/vc_row][\/vc_section][vc_section][vc_row][vc_column][vc_column_text] Whistleblowing [\/vc_column_text][\/vc_column][\/vc_row][\/vc_section][vc_section full_width=&#8220;stretch_row&#8220; el_class=&#8220;background-bottom&#8220; css=&#8220;.vc_custom_1702316150412{margin-bottom: 50px !important;padding-bottom: 150px !important;}&#8220;][vc_row css=&#8220;.vc_custom_1704273658556{padding-bottom: 100px !important;}&#8220;][vc_column][vc_column_text]Gem\u00e4\u00df dem<span class=\"excerpt-hellip\"> [\u2026]<\/span><\/p>\n","protected":false},"author":1,"featured_media":0,"parent":0,"menu_order":0,"comment_status":"closed","ping_status":"closed","template":"","meta":{"footnotes":""},"class_list":["post-744","page","type-page","status-publish","hentry"],"yoast_head":"<!-- This site is optimized with the Yoast SEO plugin v21.7 - https:\/\/yoast.com\/wordpress\/plugins\/seo\/ -->\n<title>Whistleblowing - Zitha Senior<\/title>\n<meta name=\"robots\" content=\"index, follow, max-snippet:-1, max-image-preview:large, max-video-preview:-1\" \/>\n<link rel=\"canonical\" href=\"https:\/\/www.zithasenior.lu\/de\/whistleblowing\/\" \/>\n<meta property=\"og:locale\" content=\"de_DE\" \/>\n<meta property=\"og:type\" content=\"article\" \/>\n<meta property=\"og:title\" content=\"Whistleblowing - Zitha Senior\" \/>\n<meta property=\"og:description\" content=\"[vc_section full_width=&#8220;stretch_row_content&#8220; el_id=&#8220;header-intro&#8220; css=&#8220;.vc_custom_1704273596831{background-image: url(https:\/\/zithasenior.lu\/wp-content\/uploads\/2024\/01\/Group-699.jpg?id=739) !important;background-position: center !important;background-repeat: no-repeat !important;background-size: cover !important;}&#8220;][vc_row full_width=&#8220;stretch_row_content_no_spaces&#8220;][vc_column][\/vc_column][\/vc_row][\/vc_section][vc_section][vc_row][vc_column][vc_column_text] Whistleblowing [\/vc_column_text][\/vc_column][\/vc_row][\/vc_section][vc_section full_width=&#8220;stretch_row&#8220; el_class=&#8220;background-bottom&#8220; css=&#8220;.vc_custom_1702316150412{margin-bottom: 50px !important;padding-bottom: 150px !important;}&#8220;][vc_row css=&#8220;.vc_custom_1704273658556{padding-bottom: 100px !important;}&#8220;][vc_column][vc_column_text]Gem\u00e4\u00df dem [\u2026]\" \/>\n<meta property=\"og:url\" content=\"https:\/\/www.zithasenior.lu\/de\/whistleblowing\/\" \/>\n<meta property=\"og:site_name\" content=\"Zitha Senior\" \/>\n<meta property=\"article:modified_time\" content=\"2024-01-03T12:10:00+00:00\" \/>\n<meta name=\"twitter:card\" content=\"summary_large_image\" \/>\n<meta name=\"twitter:label1\" content=\"Gesch\u00e4tzte Lesezeit\" \/>\n\t<meta name=\"twitter:data1\" content=\"2\u00a0Minuten\" \/>\n<script type=\"application\/ld+json\" class=\"yoast-schema-graph\">{\"@context\":\"https:\/\/schema.org\",\"@graph\":[{\"@type\":\"WebPage\",\"@id\":\"https:\/\/www.zithasenior.lu\/de\/whistleblowing\/\",\"url\":\"https:\/\/www.zithasenior.lu\/de\/whistleblowing\/\",\"name\":\"Whistleblowing - Zitha Senior\",\"isPartOf\":{\"@id\":\"https:\/\/www.zithasenior.lu\/#website\"},\"datePublished\":\"2024-01-03T09:18:59+00:00\",\"dateModified\":\"2024-01-03T12:10:00+00:00\",\"breadcrumb\":{\"@id\":\"https:\/\/www.zithasenior.lu\/de\/whistleblowing\/#breadcrumb\"},\"inLanguage\":\"de\",\"potentialAction\":[{\"@type\":\"ReadAction\",\"target\":[\"https:\/\/www.zithasenior.lu\/de\/whistleblowing\/\"]}]},{\"@type\":\"BreadcrumbList\",\"@id\":\"https:\/\/www.zithasenior.lu\/de\/whistleblowing\/#breadcrumb\",\"itemListElement\":[{\"@type\":\"ListItem\",\"position\":1,\"name\":\"Home\",\"item\":\"https:\/\/www.zithasenior.lu\/de\/\"},{\"@type\":\"ListItem\",\"position\":2,\"name\":\"Whistleblowing\"}]},{\"@type\":\"WebSite\",\"@id\":\"https:\/\/www.zithasenior.lu\/#website\",\"url\":\"https:\/\/www.zithasenior.lu\/\",\"name\":\"Zitha Senior\",\"description\":\"\",\"inLanguage\":\"de\"}]}<\/script>\n<!-- \/ Yoast SEO plugin. -->","yoast_head_json":{"title":"Whistleblowing - Zitha Senior","robots":{"index":"index","follow":"follow","max-snippet":"max-snippet:-1","max-image-preview":"max-image-preview:large","max-video-preview":"max-video-preview:-1"},"canonical":"https:\/\/www.zithasenior.lu\/de\/whistleblowing\/","og_locale":"de_DE","og_type":"article","og_title":"Whistleblowing - Zitha Senior","og_description":"[vc_section full_width=&#8220;stretch_row_content&#8220; el_id=&#8220;header-intro&#8220; css=&#8220;.vc_custom_1704273596831{background-image: url(https:\/\/zithasenior.lu\/wp-content\/uploads\/2024\/01\/Group-699.jpg?id=739) !important;background-position: center !important;background-repeat: no-repeat !important;background-size: cover !important;}&#8220;][vc_row full_width=&#8220;stretch_row_content_no_spaces&#8220;][vc_column][\/vc_column][\/vc_row][\/vc_section][vc_section][vc_row][vc_column][vc_column_text] Whistleblowing [\/vc_column_text][\/vc_column][\/vc_row][\/vc_section][vc_section full_width=&#8220;stretch_row&#8220; el_class=&#8220;background-bottom&#8220; css=&#8220;.vc_custom_1702316150412{margin-bottom: 50px !important;padding-bottom: 150px !important;}&#8220;][vc_row css=&#8220;.vc_custom_1704273658556{padding-bottom: 100px !important;}&#8220;][vc_column][vc_column_text]Gem\u00e4\u00df dem [\u2026]","og_url":"https:\/\/www.zithasenior.lu\/de\/whistleblowing\/","og_site_name":"Zitha Senior","article_modified_time":"2024-01-03T12:10:00+00:00","twitter_card":"summary_large_image","twitter_misc":{"Gesch\u00e4tzte Lesezeit":"2\u00a0Minuten"},"schema":{"@context":"https:\/\/schema.org","@graph":[{"@type":"WebPage","@id":"https:\/\/www.zithasenior.lu\/de\/whistleblowing\/","url":"https:\/\/www.zithasenior.lu\/de\/whistleblowing\/","name":"Whistleblowing - Zitha Senior","isPartOf":{"@id":"https:\/\/www.zithasenior.lu\/#website"},"datePublished":"2024-01-03T09:18:59+00:00","dateModified":"2024-01-03T12:10:00+00:00","breadcrumb":{"@id":"https:\/\/www.zithasenior.lu\/de\/whistleblowing\/#breadcrumb"},"inLanguage":"de","potentialAction":[{"@type":"ReadAction","target":["https:\/\/www.zithasenior.lu\/de\/whistleblowing\/"]}]},{"@type":"BreadcrumbList","@id":"https:\/\/www.zithasenior.lu\/de\/whistleblowing\/#breadcrumb","itemListElement":[{"@type":"ListItem","position":1,"name":"Home","item":"https:\/\/www.zithasenior.lu\/de\/"},{"@type":"ListItem","position":2,"name":"Whistleblowing"}]},{"@type":"WebSite","@id":"https:\/\/www.zithasenior.lu\/#website","url":"https:\/\/www.zithasenior.lu\/","name":"Zitha Senior","description":"","inLanguage":"de"}]}},"_links":{"self":[{"href":"https:\/\/www.zithasenior.lu\/de\/wp-json\/wp\/v2\/pages\/744","targetHints":{"allow":["GET"]}}],"collection":[{"href":"https:\/\/www.zithasenior.lu\/de\/wp-json\/wp\/v2\/pages"}],"about":[{"href":"https:\/\/www.zithasenior.lu\/de\/wp-json\/wp\/v2\/types\/page"}],"author":[{"embeddable":true,"href":"https:\/\/www.zithasenior.lu\/de\/wp-json\/wp\/v2\/users\/1"}],"replies":[{"embeddable":true,"href":"https:\/\/www.zithasenior.lu\/de\/wp-json\/wp\/v2\/comments?post=744"}],"version-history":[{"count":3,"href":"https:\/\/www.zithasenior.lu\/de\/wp-json\/wp\/v2\/pages\/744\/revisions"}],"predecessor-version":[{"id":750,"href":"https:\/\/www.zithasenior.lu\/de\/wp-json\/wp\/v2\/pages\/744\/revisions\/750"}],"wp:attachment":[{"href":"https:\/\/www.zithasenior.lu\/de\/wp-json\/wp\/v2\/media?parent=744"}],"curies":[{"name":"wp","href":"https:\/\/api.w.org\/{rel}","templated":true}]}}