{"id":598,"date":"2023-07-13T11:53:36","date_gmt":"2023-07-13T09:53:36","guid":{"rendered":"https:\/\/zithasenior.lu\/?page_id=598"},"modified":"2025-07-08T15:18:46","modified_gmt":"2025-07-08T13:18:46","slug":"veroeffentlichungen","status":"publish","type":"page","link":"https:\/\/www.zithasenior.lu\/de\/veroeffentlichungen\/","title":{"rendered":"Ver\u00f6ffentlichungen"},"content":{"rendered":"<section class=\"wpb-content-wrapper\"><p>[vc_section][vc_row][vc_column][vc_column_text]<\/p>\n<h1 class=\"al-center\">Ver\u00f6ffentlichungen<\/h1>\n<p>[\/vc_column_text][\/vc_column][\/vc_row][\/vc_section][vc_section][vc_row][vc_column width=&#8220;1\/3&#8243;][vc_column_text]<\/p>\n<h2 class=\"publication-heading\">Brosch\u00fcre(n)<\/h2>\n<p>[\/vc_column_text][vc_single_image image=&#8220;583&#8243; img_size=&#8220;full&#8220; alignment=&#8220;center&#8220; css=&#8220;.vc_custom_1689240545387{margin-bottom: 0px !important;}&#8220;][vc_column_text el_class=&#8220;publication-subheading big&#8220;]Professionnel H\u00ebllef un \u00c4rer S\u00e4it[\/vc_column_text][vc_btn title=&#8220;Download PDF&#8220; align=&#8220;center&#8220; link=&#8220;url:%2Fwp-content%2Fuploads%2F2023%2F07%2F2023_03-22_Brochure.pdf|target:_blank&#8220; el_class=&#8220;zitha-cta-btn&#8220;][\/vc_column][vc_column width=&#8220;1\/3&#8243;][vc_column_text]<\/p>\n<h2 class=\"publication-heading\">Faltbl\u00e4tter<\/h2>\n<p>[\/vc_column_text][vc_single_image image=&#8220;589&#8243; img_size=&#8220;full&#8220; alignment=&#8220;center&#8220; css=&#8220;.vc_custom_1689240756082{margin-bottom: 0px !important;}&#8220;][vc_column_text el_class=&#8220;publication-subheading big&#8220;]ZithaMobil und Tagesst\u00e4tten[\/vc_column_text][vc_btn title=&#8220;Alle ansehen&#8220; align=&#8220;center&#8220; link=&#8220;url:%2Fde%2Fveroeffentlichungen%2Ffaltblaetter%2F|title:Faltbl%C3%A4tter&#8220; el_class=&#8220;zitha-cta-btn&#8220;][\/vc_column][vc_column width=&#8220;1\/3&#8243;][vc_column_text]<\/p>\n<h2 class=\"publication-heading\">T\u00e4tigkeitsberichte<\/h2>\n<p>[\/vc_column_text][vc_single_image image=&#8220;591&#8243; img_size=&#8220;full&#8220; alignment=&#8220;center&#8220; css=&#8220;.vc_custom_1689240827860{margin-bottom: 0px !important;}&#8220;][vc_column_text el_class=&#8220;publication-subheading big&#8220;]T\u00e4tigkeitsberichte[\/vc_column_text][vc_btn title=&#8220;Alle ansehen&#8220; align=&#8220;center&#8220; link=&#8220;url:%2Fde%2Fveroeffentlichungen%2Ftaetigkeitsberichte%2F|title:T%C3%A4tigkeitsberichte&#8220; el_class=&#8220;zitha-cta-btn&#8220;][\/vc_column][\/vc_row][vc_row el_class=&#8220;top-mar-2 bot-mar-2&#8243;][vc_column width=&#8220;1\/3&#8243;][vc_column_text]<\/p>\n<h2 class=\"publication-heading\">Flyer<\/h2>\n<p>[\/vc_column_text][vc_single_image image=&#8220;593&#8243; img_size=&#8220;full&#8220; alignment=&#8220;center&#8220; css=&#8220;.vc_custom_1689240877365{margin-bottom: 0px !important;}&#8220;][vc_btn title=&#8220;Alle ansehen&#8220; align=&#8220;center&#8220; link=&#8220;url:%2Fde%2Fveroeffentlichungen%2Fflyer%2F|title:Flyer&#8220; el_class=&#8220;zitha-cta-btn&#8220;][\/vc_column][vc_column width=&#8220;1\/3&#8243;][vc_column_text]<\/p>\n<h2 class=\"publication-heading\">Rapport d&#8217;activit\u00e9 2024<\/h2>\n<p>[\/vc_column_text][vc_single_image image=&#8220;866&#8243; img_size=&#8220;full&#8220; alignment=&#8220;center&#8220; css=&#8220;.vc_custom_1751980212603{margin-bottom: 0px !important;}&#8220;][vc_btn title=&#8220;Download PDF&#8220; align=&#8220;center&#8220; link=&#8220;url:%2Fwp-content%2Fuploads%2F2025%2F07%2F2025_07_08_RA_2024_i-site.pdf|title:Flyer&#8220; el_class=&#8220;zitha-cta-btn&#8220;][\/vc_column][vc_column width=&#8220;1\/3&#8243;][\/vc_column][\/vc_row][\/vc_section]<\/p>\n<\/section>","protected":false},"excerpt":{"rendered":"<p>[vc_section][vc_row][vc_column][vc_column_text] Ver\u00f6ffentlichungen [\/vc_column_text][\/vc_column][\/vc_row][\/vc_section][vc_section][vc_row][vc_column width=&#8220;1\/3&#8243;][vc_column_text] Brosch\u00fcre(n) [\/vc_column_text][vc_single_image image=&#8220;583&#8243; img_size=&#8220;full&#8220; alignment=&#8220;center&#8220; css=&#8220;.vc_custom_1689240545387{margin-bottom: 0px !important;}&#8220;][vc_column_text el_class=&#8220;publication-subheading big&#8220;]Professionnel H\u00ebllef un \u00c4rer S\u00e4it[\/vc_column_text][vc_btn title=&#8220;Download PDF&#8220; align=&#8220;center&#8220; link=&#8220;url:%2Fwp-content%2Fuploads%2F2023%2F07%2F2023_03-22_Brochure.pdf|target:_blank&#8220; el_class=&#8220;zitha-cta-btn&#8220;][\/vc_column][vc_column width=&#8220;1\/3&#8243;][vc_column_text] Faltbl\u00e4tter [\/vc_column_text][vc_single_image<span class=\"excerpt-hellip\"> [\u2026]<\/span><\/p>\n","protected":false},"author":1,"featured_media":0,"parent":0,"menu_order":0,"comment_status":"closed","ping_status":"closed","template":"","meta":{"footnotes":""},"class_list":["post-598","page","type-page","status-publish","hentry"],"yoast_head":"<!-- This site is optimized with the Yoast SEO plugin v21.7 - https:\/\/yoast.com\/wordpress\/plugins\/seo\/ -->\n<title>Ver\u00f6ffentlichungen - Zitha Senior<\/title>\n<meta name=\"robots\" content=\"index, follow, max-snippet:-1, max-image-preview:large, max-video-preview:-1\" \/>\n<link rel=\"canonical\" href=\"https:\/\/www.zithasenior.lu\/de\/veroeffentlichungen\/\" \/>\n<meta property=\"og:locale\" content=\"de_DE\" \/>\n<meta property=\"og:type\" content=\"article\" \/>\n<meta property=\"og:title\" content=\"Ver\u00f6ffentlichungen - Zitha Senior\" \/>\n<meta property=\"og:description\" content=\"[vc_section][vc_row][vc_column][vc_column_text] Ver\u00f6ffentlichungen [\/vc_column_text][\/vc_column][\/vc_row][\/vc_section][vc_section][vc_row][vc_column width=&#8220;1\/3&#8243;][vc_column_text] Brosch\u00fcre(n) [\/vc_column_text][vc_single_image image=&#8220;583&#8243; img_size=&#8220;full&#8220; alignment=&#8220;center&#8220; css=&#8220;.vc_custom_1689240545387{margin-bottom: 0px !important;}&#8220;][vc_column_text el_class=&#8220;publication-subheading big&#8220;]Professionnel H\u00ebllef un \u00c4rer S\u00e4it[\/vc_column_text][vc_btn title=&#8220;Download PDF&#8220; align=&#8220;center&#8220; link=&#8220;url:%2Fwp-content%2Fuploads%2F2023%2F07%2F2023_03-22_Brochure.pdf|target:_blank&#8220; el_class=&#8220;zitha-cta-btn&#8220;][\/vc_column][vc_column width=&#8220;1\/3&#8243;][vc_column_text] Faltbl\u00e4tter [\/vc_column_text][vc_single_image [\u2026]\" \/>\n<meta property=\"og:url\" content=\"https:\/\/www.zithasenior.lu\/de\/veroeffentlichungen\/\" \/>\n<meta property=\"og:site_name\" content=\"Zitha Senior\" \/>\n<meta property=\"article:modified_time\" content=\"2025-07-08T13:18:46+00:00\" \/>\n<meta name=\"twitter:card\" content=\"summary_large_image\" \/>\n<meta name=\"twitter:label1\" content=\"Gesch\u00e4tzte Lesezeit\" \/>\n\t<meta name=\"twitter:data1\" content=\"2\u00a0Minuten\" \/>\n<script type=\"application\/ld+json\" class=\"yoast-schema-graph\">{\"@context\":\"https:\/\/schema.org\",\"@graph\":[{\"@type\":\"WebPage\",\"@id\":\"https:\/\/www.zithasenior.lu\/de\/veroeffentlichungen\/\",\"url\":\"https:\/\/www.zithasenior.lu\/de\/veroeffentlichungen\/\",\"name\":\"Ver\u00f6ffentlichungen - Zitha Senior\",\"isPartOf\":{\"@id\":\"https:\/\/www.zithasenior.lu\/#website\"},\"datePublished\":\"2023-07-13T09:53:36+00:00\",\"dateModified\":\"2025-07-08T13:18:46+00:00\",\"breadcrumb\":{\"@id\":\"https:\/\/www.zithasenior.lu\/de\/veroeffentlichungen\/#breadcrumb\"},\"inLanguage\":\"de\",\"potentialAction\":[{\"@type\":\"ReadAction\",\"target\":[\"https:\/\/www.zithasenior.lu\/de\/veroeffentlichungen\/\"]}]},{\"@type\":\"BreadcrumbList\",\"@id\":\"https:\/\/www.zithasenior.lu\/de\/veroeffentlichungen\/#breadcrumb\",\"itemListElement\":[{\"@type\":\"ListItem\",\"position\":1,\"name\":\"Home\",\"item\":\"https:\/\/www.zithasenior.lu\/de\/\"},{\"@type\":\"ListItem\",\"position\":2,\"name\":\"Ver\u00f6ffentlichungen\"}]},{\"@type\":\"WebSite\",\"@id\":\"https:\/\/www.zithasenior.lu\/#website\",\"url\":\"https:\/\/www.zithasenior.lu\/\",\"name\":\"Zitha Senior\",\"description\":\"\",\"inLanguage\":\"de\"}]}<\/script>\n<!-- \/ Yoast SEO plugin. -->","yoast_head_json":{"title":"Ver\u00f6ffentlichungen - Zitha Senior","robots":{"index":"index","follow":"follow","max-snippet":"max-snippet:-1","max-image-preview":"max-image-preview:large","max-video-preview":"max-video-preview:-1"},"canonical":"https:\/\/www.zithasenior.lu\/de\/veroeffentlichungen\/","og_locale":"de_DE","og_type":"article","og_title":"Ver\u00f6ffentlichungen - Zitha Senior","og_description":"[vc_section][vc_row][vc_column][vc_column_text] Ver\u00f6ffentlichungen [\/vc_column_text][\/vc_column][\/vc_row][\/vc_section][vc_section][vc_row][vc_column width=&#8220;1\/3&#8243;][vc_column_text] Brosch\u00fcre(n) [\/vc_column_text][vc_single_image image=&#8220;583&#8243; img_size=&#8220;full&#8220; alignment=&#8220;center&#8220; css=&#8220;.vc_custom_1689240545387{margin-bottom: 0px !important;}&#8220;][vc_column_text el_class=&#8220;publication-subheading big&#8220;]Professionnel H\u00ebllef un \u00c4rer S\u00e4it[\/vc_column_text][vc_btn title=&#8220;Download PDF&#8220; align=&#8220;center&#8220; link=&#8220;url:%2Fwp-content%2Fuploads%2F2023%2F07%2F2023_03-22_Brochure.pdf|target:_blank&#8220; el_class=&#8220;zitha-cta-btn&#8220;][\/vc_column][vc_column width=&#8220;1\/3&#8243;][vc_column_text] Faltbl\u00e4tter [\/vc_column_text][vc_single_image [\u2026]","og_url":"https:\/\/www.zithasenior.lu\/de\/veroeffentlichungen\/","og_site_name":"Zitha Senior","article_modified_time":"2025-07-08T13:18:46+00:00","twitter_card":"summary_large_image","twitter_misc":{"Gesch\u00e4tzte Lesezeit":"2\u00a0Minuten"},"schema":{"@context":"https:\/\/schema.org","@graph":[{"@type":"WebPage","@id":"https:\/\/www.zithasenior.lu\/de\/veroeffentlichungen\/","url":"https:\/\/www.zithasenior.lu\/de\/veroeffentlichungen\/","name":"Ver\u00f6ffentlichungen - Zitha Senior","isPartOf":{"@id":"https:\/\/www.zithasenior.lu\/#website"},"datePublished":"2023-07-13T09:53:36+00:00","dateModified":"2025-07-08T13:18:46+00:00","breadcrumb":{"@id":"https:\/\/www.zithasenior.lu\/de\/veroeffentlichungen\/#breadcrumb"},"inLanguage":"de","potentialAction":[{"@type":"ReadAction","target":["https:\/\/www.zithasenior.lu\/de\/veroeffentlichungen\/"]}]},{"@type":"BreadcrumbList","@id":"https:\/\/www.zithasenior.lu\/de\/veroeffentlichungen\/#breadcrumb","itemListElement":[{"@type":"ListItem","position":1,"name":"Home","item":"https:\/\/www.zithasenior.lu\/de\/"},{"@type":"ListItem","position":2,"name":"Ver\u00f6ffentlichungen"}]},{"@type":"WebSite","@id":"https:\/\/www.zithasenior.lu\/#website","url":"https:\/\/www.zithasenior.lu\/","name":"Zitha Senior","description":"","inLanguage":"de"}]}},"_links":{"self":[{"href":"https:\/\/www.zithasenior.lu\/de\/wp-json\/wp\/v2\/pages\/598","targetHints":{"allow":["GET"]}}],"collection":[{"href":"https:\/\/www.zithasenior.lu\/de\/wp-json\/wp\/v2\/pages"}],"about":[{"href":"https:\/\/www.zithasenior.lu\/de\/wp-json\/wp\/v2\/types\/page"}],"author":[{"embeddable":true,"href":"https:\/\/www.zithasenior.lu\/de\/wp-json\/wp\/v2\/users\/1"}],"replies":[{"embeddable":true,"href":"https:\/\/www.zithasenior.lu\/de\/wp-json\/wp\/v2\/comments?post=598"}],"version-history":[{"count":6,"href":"https:\/\/www.zithasenior.lu\/de\/wp-json\/wp\/v2\/pages\/598\/revisions"}],"predecessor-version":[{"id":870,"href":"https:\/\/www.zithasenior.lu\/de\/wp-json\/wp\/v2\/pages\/598\/revisions\/870"}],"wp:attachment":[{"href":"https:\/\/www.zithasenior.lu\/de\/wp-json\/wp\/v2\/media?parent=598"}],"curies":[{"name":"wp","href":"https:\/\/api.w.org\/{rel}","templated":true}]}}