{"id":355,"date":"2021-11-12T10:57:27","date_gmt":"2021-11-12T09:57:27","guid":{"rendered":"https:\/\/zithasenior.lu\/seniories-residences\/"},"modified":"2023-06-29T11:13:40","modified_gmt":"2023-06-29T09:13:40","slug":"seniories-residences","status":"publish","type":"page","link":"https:\/\/www.zithasenior.lu\/de\/seniories-residences\/","title":{"rendered":"Seniories &#038; R\u00e9sidences"},"content":{"rendered":"<section class=\"wpb-content-wrapper\"><p>[vc_section][vc_row][vc_column][vc_column_text]<\/p>\n<h1 class=\"al-center\">Seniories &amp; R\u00e9sidences<\/h1>\n<p>[\/vc_column_text][\/vc_column][\/vc_row][vc_row full_width=&#8220;stretch_row_content&#8220; equal_height=&#8220;yes&#8220; el_class=&#8220;residence-grid residence-grid-squeeze&#8220;][vc_column width=&#8220;1\/4&#8243;][vc_column_text el_class=&#8220;residence-top&#8220; css=&#8220;.vc_custom_1637837054971{margin-bottom: 0px !important;}&#8220;]<\/p>\n<h3 class=\"al-center colored\"><a href=\"\/de\/seniories-residences\/seniorie-ste-zithe-contern\/\">Seniorie Ste Zithe <span class=\"residence-city\">Contern<\/span><\/a><\/h3>\n<p>[\/vc_column_text][vc_single_image image=&#8220;93&#8243; img_size=&#8220;full&#8220; alignment=&#8220;center&#8220; onclick=&#8220;custom_link&#8220; el_class=&#8220;no-space-img&#8220; link=&#8220;\/de\/seniories-residences\/seniorie-ste-zithe-contern\/&#8220;][vc_column_text el_class=&#8220;residence-bottom al-center&#8220;]<a href=\"\/de\/seniories-residences\/seniorie-ste-zithe-contern\/\">Ein modernes und komfortables Konzept in einer von Licht gepr\u00e4gten Architektur.<\/a>[\/vc_column_text][\/vc_column][vc_column width=&#8220;1\/4&#8243;][vc_column_text el_class=&#8220;residence-top&#8220; css=&#8220;.vc_custom_1636973816504{margin-bottom: 0px !important;}&#8220;]<\/p>\n<h3 class=\"al-center colored\"><a href=\"\/de\/seniories-residences\/seniorie-st-jean-de-la-croix-luxembourg\/\">Seniorie St Jean de la Croix <span class=\"residence-city\">Luxembourg<\/span><\/a><\/h3>\n<p>[\/vc_column_text][vc_single_image image=&#8220;95&#8243; img_size=&#8220;full&#8220; alignment=&#8220;center&#8220; onclick=&#8220;custom_link&#8220; el_class=&#8220;no-space-img&#8220; link=&#8220;\/de\/seniories-residences\/seniorie-st-jean-de-la-croix-luxembourg\/&#8220;][vc_column_text el_class=&#8220;residence-bottom al-center&#8220;]<a href=\"\/de\/seniories-residences\/seniorie-st-jean-de-la-croix-luxembourg\/\">Eine Einrichtung mit hohem Standard inmitten der Hauptstadt.<\/a>[\/vc_column_text][\/vc_column][vc_column width=&#8220;1\/4&#8243;][vc_column_text el_class=&#8220;residence-top&#8220; css=&#8220;.vc_custom_1636973968596{margin-bottom: 0px !important;}&#8220;]<\/p>\n<h3 class=\"al-center colored\"><a href=\"\/de\/seniories-residences\/seniorie-st-joseph-petange\/\">Seniorie St Joseph <span class=\"residence-city\">P\u00e9tange<\/span><\/a><\/h3>\n<p>[\/vc_column_text][vc_single_image image=&#8220;97&#8243; img_size=&#8220;full&#8220; alignment=&#8220;center&#8220; onclick=&#8220;custom_link&#8220; el_class=&#8220;no-space-img&#8220; link=&#8220;\/de\/seniories-residences\/seniorie-st-joseph-petange&#8220;][vc_column_text el_class=&#8220;residence-bottom al-center&#8220;]<a href=\"\/de\/seniories-residences\/seniorie-st-joseph-petange\/\">Zeitgem\u00e4\u00dfes und modernes Wohnen mit einem spezialisierten Angebot f\u00fcr demente Bewohner.<\/a>[\/vc_column_text][\/vc_column][vc_column width=&#8220;1\/4&#8243;][vc_column_text el_class=&#8220;residence-top&#8220; css=&#8220;.vc_custom_1636974029400{margin-bottom: 0px !important;}&#8220;]<\/p>\n<h3 class=\"al-center colored\"><a href=\"\/de\/seniories-residences\/seniorie-st-joseph-consdorf\/\">Seniorie St Joseph <span class=\"residence-city\">Consdorf<\/span><\/a><\/h3>\n<p>[\/vc_column_text][vc_single_image image=&#8220;99&#8243; img_size=&#8220;full&#8220; alignment=&#8220;center&#8220; onclick=&#8220;custom_link&#8220; el_class=&#8220;no-space-img&#8220; link=&#8220;\/de\/seniories-residences\/seniorie-st-joseph-consdorf\/&#8220;][vc_column_text el_class=&#8220;residence-bottom al-center&#8220;]<a href=\"\/de\/seniories-residences\/seniorie-st-joseph-consdorf\/\">Die Ruhe der Natur genie\u00dfen. Spezialisierte Pflege und Betreuung.<\/a>[\/vc_column_text][\/vc_column][\/vc_row][vc_row el_class=&#8220;residence-grid&#8220;][vc_column width=&#8220;1\/3&#8243;][vc_column_text el_class=&#8220;residence-top&#8220; css=&#8220;.vc_custom_1636736309824{margin-bottom: 0px !important;}&#8220;]<\/p>\n<h3 class=\"al-center colored\"><a href=\"\/de\/seniories-residences\/residence-bethanie-petange\/\">R\u00e9sidence B\u00e9thanie <span class=\"residence-city\">P\u00e9tange<\/span><\/a><\/h3>\n<p>[\/vc_column_text][vc_single_image image=&#8220;76&#8243; img_size=&#8220;full&#8220; alignment=&#8220;center&#8220; onclick=&#8220;custom_link&#8220; el_class=&#8220;no-space-img&#8220; link=&#8220;\/de\/seniories-residences\/residence-bethanie-petange\/&#8220;][vc_column_text el_class=&#8220;residence-bottom al-center&#8220;]<a href=\"\/de\/seniories-residences\/residence-bethanie-petange\/\">Eine privilegierte Lage f\u00fcr Senioren im Herzen der Stadt P\u00e9tange.<\/a>[\/vc_column_text][\/vc_column][vc_column width=&#8220;1\/3&#8243;][vc_column_text el_class=&#8220;residence-top&#8220; css=&#8220;.vc_custom_1636736609388{margin-bottom: 0px !important;}&#8220;]<\/p>\n<h3 class=\"al-center colored\"><a href=\"\/de\/seniories-residences\/residence-nicolas-wies-luxembourg\/\">R\u00e9sidence Nicolas Wies <span class=\"residence-city\">Luxembourg<\/span><\/a><\/h3>\n<p>[\/vc_column_text][vc_single_image image=&#8220;80&#8243; img_size=&#8220;full&#8220; alignment=&#8220;center&#8220; onclick=&#8220;custom_link&#8220; el_class=&#8220;no-space-img&#8220; link=&#8220;\/de\/seniories-residences\/residence-nicolas-wies-luxembourg\/&#8220;][vc_column_text el_class=&#8220;residence-bottom al-center&#8220;]<a href=\"\/de\/seniories-residences\/residence-nicolas-wies-luxembourg\/\">Eine R\u00e9sidence mit gehobenem Standard f\u00fcr eine hohe Lebensqualit\u00e4t.<\/a>[\/vc_column_text][\/vc_column][vc_column width=&#8220;1\/3&#8243;][vc_column_text el_class=&#8220;residence-top&#8220; css=&#8220;.vc_custom_1637837015674{margin-bottom: 0px !important;}&#8220;]<\/p>\n<h3 class=\"al-center colored\"><a href=\"\/de\/seniories-residences\/residence-ste-zithe-contern\/\">R\u00e9sidence Ste Zithe <span class=\"residence-city\">Contern<\/span><\/a><\/h3>\n<p>[\/vc_column_text][vc_single_image image=&#8220;82&#8243; img_size=&#8220;full&#8220; alignment=&#8220;center&#8220; onclick=&#8220;custom_link&#8220; el_class=&#8220;no-space-img&#8220; link=&#8220;\/de\/seniories-residences\/residence-ste-zithe-contern\/&#8220;][vc_column_text el_class=&#8220;residence-bottom al-center&#8220;]<a href=\"\/de\/seniories-residences\/residence-ste-zithe-contern\/\">Die neue R\u00e9sidence Sainte Zithe mit einer zeitgen\u00f6ssischen und innovativen Architektur.<\/a>[\/vc_column_text][\/vc_column][\/vc_row][\/vc_section][vc_section full_width=&#8220;stretch_row&#8220; el_id=&#8220;main-content-sec&#8220; css=&#8220;.vc_custom_1636734363321{background-image: url(\/wp-content\/uploads\/2021\/11\/Group-211.png?id=48) !important;}&#8220;][vc_row][vc_column][vc_column_text]In <strong>Pflegeheimen (bei Zitha Seniories genannt)<\/strong> werden Menschen betreut, die aufgrund ihres hohen Alters oder einer schweren Krankheit pflegebed\u00fcrftig geworden sind und regelm\u00e4\u00dfig betreut werden m\u00fcssen. Menschen mit Orientierungs- oder Ged\u00e4chtnisst\u00f6rungen finden bei Zitha ein gem\u00fctliches Zuhause, in dem sie w\u00fcrdevoll aufgenommen, betreut und begleitet werden.<\/p>\n<p>Zitha arbeitet in den <strong>Pflegeheimen (Seniories)<\/strong> mit einem Team von Allgemeinmedizinern zusammen. Der Bewohner entscheidet, ob er von einem zugelassenen Arzt seines Vertrauens betreut werden m\u00f6chte.<\/p>\n<p>Die Seniories von Zitha mit ihren hohen Qualit\u00e4tsstandards in Luxemburg-Stadt, P\u00e9tange, Contern und Consdorf verf\u00fcgen \u00fcber ca. 490 Betten. Die komfortablen Zimmer mit Bad\/WC sind behindertengerecht ausgestattet. Die eleganten Wohnbereiche sowie die modernen, offenen und hellen Gemeinschaftsaufenthaltsr\u00e4ume laden zum Verweilen ein.<\/p>\n<p>Auf der Ebene der Gastfreundschaft k\u00f6nnen die Bewohner eine Vielzahl von Dienstleistungen in Anspruch nehmen, wie z. B.: seniorengerechte Men\u00fcs, die mit regionalen und saisonalen Produkten zubereitet werden, t\u00e4gliche Zimmerpflege, generations\u00fcbergreifende Treffen, gesellige Feste, Ausfl\u00fcge, w\u00f6chentliche Gottesdienste, Unterst\u00fctzung bei Beh\u00f6rdeng\u00e4ngen usw.<\/p>\n<p>&#8222;Mehr als nur ein Ort zum Leben&#8220; &#8211; Die <strong>Residenzen (angepasste Wohnungen mit Serviceangebot)<\/strong> von Zitha wurden vollst\u00e4ndig auf die Bed\u00fcrfnisse von selbstst\u00e4ndigen Senioren zugeschnitten, die Komfort in ihrem neuen Zuhause suchen.<\/p>\n<p>Das Konzept der Residenzen <strong>(Seniorenwohnungen)<\/strong> besteht darin, die Autonomie und Selbstbestimmung der Senioren so lange wie m\u00f6glich zu erhalten. Die gro\u00dfe Auswahl an Betreuungsleistungen bildet den Grundstein dieses Konzepts.<\/p>\n<p>Die Bewohner k\u00f6nnen alle Angebote und Infrastrukturen der in unmittelbarer N\u00e4he gelegenen Senioren- und Tagesst\u00e4tte nutzen.<\/p>\n<p>Die R\u00e9sidences \u00e9l\u00e9gantes in Luxemburg-Stadt, P\u00e9tange und Contern verf\u00fcgen \u00fcber 56 seniorengerechte Mietwohnungen. <a href=\"https:\/\/zitharesidences.lu\" target=\"_blank\" rel=\"noopener\">www.zitharesidences.lu<\/a>.<\/p>\n<p>Die Seniories und R\u00e9sidences de Zitha verbinden gehobene Gastfreundschaft mit professioneller Betreuung, die individuell auf jede Lebensphase abgestimmt ist.[\/vc_column_text][\/vc_column][\/vc_row][\/vc_section]<\/p>\n<\/section>","protected":false},"excerpt":{"rendered":"<p>[vc_section][vc_row][vc_column][vc_column_text] Seniories &amp; R\u00e9sidences [\/vc_column_text][\/vc_column][\/vc_row][vc_row full_width=&#8220;stretch_row_content&#8220; equal_height=&#8220;yes&#8220; el_class=&#8220;residence-grid residence-grid-squeeze&#8220;][vc_column width=&#8220;1\/4&#8243;][vc_column_text el_class=&#8220;residence-top&#8220; css=&#8220;.vc_custom_1637837054971{margin-bottom: 0px !important;}&#8220;] Seniorie Ste Zithe Contern [\/vc_column_text][vc_single_image image=&#8220;93&#8243; img_size=&#8220;full&#8220; alignment=&#8220;center&#8220; onclick=&#8220;custom_link&#8220; el_class=&#8220;no-space-img&#8220; link=&#8220;\/de\/seniories-residences\/seniorie-ste-zithe-contern\/&#8220;][vc_column_text el_class=&#8220;residence-bottom<span class=\"excerpt-hellip\"> [\u2026]<\/span><\/p>\n","protected":false},"author":1,"featured_media":0,"parent":0,"menu_order":0,"comment_status":"closed","ping_status":"closed","template":"","meta":{"footnotes":""},"class_list":["post-355","page","type-page","status-publish","hentry"],"yoast_head":"<!-- This site is optimized with the Yoast SEO plugin v21.7 - https:\/\/yoast.com\/wordpress\/plugins\/seo\/ -->\n<title>Seniories &amp; R\u00e9sidences - Zitha Senior<\/title>\n<meta name=\"robots\" content=\"index, follow, max-snippet:-1, max-image-preview:large, max-video-preview:-1\" \/>\n<link rel=\"canonical\" href=\"https:\/\/www.zithasenior.lu\/de\/seniories-residences\/\" \/>\n<meta property=\"og:locale\" content=\"de_DE\" \/>\n<meta property=\"og:type\" content=\"article\" \/>\n<meta property=\"og:title\" content=\"Seniories &amp; R\u00e9sidences - Zitha Senior\" \/>\n<meta property=\"og:description\" content=\"[vc_section][vc_row][vc_column][vc_column_text] Seniories &amp; R\u00e9sidences [\/vc_column_text][\/vc_column][\/vc_row][vc_row full_width=&#8220;stretch_row_content&#8220; equal_height=&#8220;yes&#8220; el_class=&#8220;residence-grid residence-grid-squeeze&#8220;][vc_column width=&#8220;1\/4&#8243;][vc_column_text el_class=&#8220;residence-top&#8220; css=&#8220;.vc_custom_1637837054971{margin-bottom: 0px !important;}&#8220;] Seniorie Ste Zithe Contern [\/vc_column_text][vc_single_image image=&#8220;93&#8243; img_size=&#8220;full&#8220; alignment=&#8220;center&#8220; onclick=&#8220;custom_link&#8220; el_class=&#8220;no-space-img&#8220; link=&#8220;\/de\/seniories-residences\/seniorie-ste-zithe-contern\/&#8220;][vc_column_text el_class=&#8220;residence-bottom [\u2026]\" \/>\n<meta property=\"og:url\" content=\"https:\/\/www.zithasenior.lu\/de\/seniories-residences\/\" \/>\n<meta property=\"og:site_name\" content=\"Zitha Senior\" \/>\n<meta property=\"article:modified_time\" content=\"2023-06-29T09:13:40+00:00\" \/>\n<meta name=\"twitter:card\" content=\"summary_large_image\" \/>\n<meta name=\"twitter:label1\" content=\"Gesch\u00e4tzte Lesezeit\" \/>\n\t<meta name=\"twitter:data1\" content=\"3\u00a0Minuten\" \/>\n<script type=\"application\/ld+json\" class=\"yoast-schema-graph\">{\"@context\":\"https:\/\/schema.org\",\"@graph\":[{\"@type\":\"WebPage\",\"@id\":\"https:\/\/www.zithasenior.lu\/de\/seniories-residences\/\",\"url\":\"https:\/\/www.zithasenior.lu\/de\/seniories-residences\/\",\"name\":\"Seniories & R\u00e9sidences - Zitha Senior\",\"isPartOf\":{\"@id\":\"https:\/\/www.zithasenior.lu\/#website\"},\"datePublished\":\"2021-11-12T09:57:27+00:00\",\"dateModified\":\"2023-06-29T09:13:40+00:00\",\"breadcrumb\":{\"@id\":\"https:\/\/www.zithasenior.lu\/de\/seniories-residences\/#breadcrumb\"},\"inLanguage\":\"de\",\"potentialAction\":[{\"@type\":\"ReadAction\",\"target\":[\"https:\/\/www.zithasenior.lu\/de\/seniories-residences\/\"]}]},{\"@type\":\"BreadcrumbList\",\"@id\":\"https:\/\/www.zithasenior.lu\/de\/seniories-residences\/#breadcrumb\",\"itemListElement\":[{\"@type\":\"ListItem\",\"position\":1,\"name\":\"Home\",\"item\":\"https:\/\/www.zithasenior.lu\/de\/\"},{\"@type\":\"ListItem\",\"position\":2,\"name\":\"Seniories &#038; R\u00e9sidences\"}]},{\"@type\":\"WebSite\",\"@id\":\"https:\/\/www.zithasenior.lu\/#website\",\"url\":\"https:\/\/www.zithasenior.lu\/\",\"name\":\"Zitha Senior\",\"description\":\"\",\"inLanguage\":\"de\"}]}<\/script>\n<!-- \/ Yoast SEO plugin. -->","yoast_head_json":{"title":"Seniories & R\u00e9sidences - Zitha Senior","robots":{"index":"index","follow":"follow","max-snippet":"max-snippet:-1","max-image-preview":"max-image-preview:large","max-video-preview":"max-video-preview:-1"},"canonical":"https:\/\/www.zithasenior.lu\/de\/seniories-residences\/","og_locale":"de_DE","og_type":"article","og_title":"Seniories & R\u00e9sidences - Zitha Senior","og_description":"[vc_section][vc_row][vc_column][vc_column_text] Seniories &amp; R\u00e9sidences [\/vc_column_text][\/vc_column][\/vc_row][vc_row full_width=&#8220;stretch_row_content&#8220; equal_height=&#8220;yes&#8220; el_class=&#8220;residence-grid residence-grid-squeeze&#8220;][vc_column width=&#8220;1\/4&#8243;][vc_column_text el_class=&#8220;residence-top&#8220; css=&#8220;.vc_custom_1637837054971{margin-bottom: 0px !important;}&#8220;] Seniorie Ste Zithe Contern [\/vc_column_text][vc_single_image image=&#8220;93&#8243; img_size=&#8220;full&#8220; alignment=&#8220;center&#8220; onclick=&#8220;custom_link&#8220; el_class=&#8220;no-space-img&#8220; link=&#8220;\/de\/seniories-residences\/seniorie-ste-zithe-contern\/&#8220;][vc_column_text el_class=&#8220;residence-bottom [\u2026]","og_url":"https:\/\/www.zithasenior.lu\/de\/seniories-residences\/","og_site_name":"Zitha Senior","article_modified_time":"2023-06-29T09:13:40+00:00","twitter_card":"summary_large_image","twitter_misc":{"Gesch\u00e4tzte Lesezeit":"3\u00a0Minuten"},"schema":{"@context":"https:\/\/schema.org","@graph":[{"@type":"WebPage","@id":"https:\/\/www.zithasenior.lu\/de\/seniories-residences\/","url":"https:\/\/www.zithasenior.lu\/de\/seniories-residences\/","name":"Seniories & R\u00e9sidences - Zitha Senior","isPartOf":{"@id":"https:\/\/www.zithasenior.lu\/#website"},"datePublished":"2021-11-12T09:57:27+00:00","dateModified":"2023-06-29T09:13:40+00:00","breadcrumb":{"@id":"https:\/\/www.zithasenior.lu\/de\/seniories-residences\/#breadcrumb"},"inLanguage":"de","potentialAction":[{"@type":"ReadAction","target":["https:\/\/www.zithasenior.lu\/de\/seniories-residences\/"]}]},{"@type":"BreadcrumbList","@id":"https:\/\/www.zithasenior.lu\/de\/seniories-residences\/#breadcrumb","itemListElement":[{"@type":"ListItem","position":1,"name":"Home","item":"https:\/\/www.zithasenior.lu\/de\/"},{"@type":"ListItem","position":2,"name":"Seniories &#038; R\u00e9sidences"}]},{"@type":"WebSite","@id":"https:\/\/www.zithasenior.lu\/#website","url":"https:\/\/www.zithasenior.lu\/","name":"Zitha Senior","description":"","inLanguage":"de"}]}},"_links":{"self":[{"href":"https:\/\/www.zithasenior.lu\/de\/wp-json\/wp\/v2\/pages\/355","targetHints":{"allow":["GET"]}}],"collection":[{"href":"https:\/\/www.zithasenior.lu\/de\/wp-json\/wp\/v2\/pages"}],"about":[{"href":"https:\/\/www.zithasenior.lu\/de\/wp-json\/wp\/v2\/types\/page"}],"author":[{"embeddable":true,"href":"https:\/\/www.zithasenior.lu\/de\/wp-json\/wp\/v2\/users\/1"}],"replies":[{"embeddable":true,"href":"https:\/\/www.zithasenior.lu\/de\/wp-json\/wp\/v2\/comments?post=355"}],"version-history":[{"count":8,"href":"https:\/\/www.zithasenior.lu\/de\/wp-json\/wp\/v2\/pages\/355\/revisions"}],"predecessor-version":[{"id":557,"href":"https:\/\/www.zithasenior.lu\/de\/wp-json\/wp\/v2\/pages\/355\/revisions\/557"}],"wp:attachment":[{"href":"https:\/\/www.zithasenior.lu\/de\/wp-json\/wp\/v2\/media?parent=355"}],"curies":[{"name":"wp","href":"https:\/\/api.w.org\/{rel}","templated":true}]}}