{"id":347,"date":"2021-11-12T11:01:32","date_gmt":"2021-11-12T10:01:32","guid":{"rendered":"https:\/\/zithasenior.lu\/seniorie-st-joseph-petange\/"},"modified":"2025-05-21T08:50:52","modified_gmt":"2025-05-21T06:50:52","slug":"seniorie-st-joseph-petange","status":"publish","type":"page","link":"https:\/\/www.zithasenior.lu\/de\/seniories-residences\/seniorie-st-joseph-petange\/","title":{"rendered":"Seniorie St Joseph P\u00e9tange"},"content":{"rendered":"<section class=\"wpb-content-wrapper\"><p>[vc_section full_width=&#8220;stretch_row&#8220; el_id=&#8220;residence-top-sec&#8220; css=&#8220;.vc_custom_1637054354909{background-image: url(\/wp-content\/uploads\/2021\/11\/Top.png?id=103) !important;}&#8220;][vc_row full_width=&#8220;stretch_row_content_no_spaces&#8220; el_id=&#8220;residence-top-row&#8220;][vc_column width=&#8220;1\/3&#8243;][vc_single_image image=&#8220;152&#8243; img_size=&#8220;full&#8220; alignment=&#8220;center&#8220;][\/vc_column][vc_column width=&#8220;2\/3&#8243;][vc_column_text]<\/p>\n<h1 class=\"lh-1 heading-half-mar\">Seniorie St Joseph<br \/>\nP\u00e9tange<\/h1>\n<p>[\/vc_column_text][vc_column_text]Mit der Inbetriebnahme der Klinik in P\u00e9tange im Jahr 1894 er\u00f6ffneten die Zitha-Schwestern ihre erste Niederlassung im S\u00fcden des Landes. Viele Jahre lang diente das Geb\u00e4ude als Krankenhaus, Waisenhaus und Hauswirtschaftsschule. Von 1986 bis 1999 wurde das Pflegeheim vom Gesundheitsministerium verwaltet. Im Jahr 1998 wurden Renovierungs- und Erweiterungsma\u00dfnahmen durchgef\u00fchrt und die Einrichtung auf 76 Betten aufgestockt. Ein Jahr nach der Modernisierung \u00fcbernahm die Kongregation das Pflegeheim unter der Aufsicht des Ministeriums f\u00fcr Familie, Integration und die Gro\u00dfregion. Im Jahr 2010 fand die Einweihung des Erweiterungsbaus mit Vergr\u00f6\u00dferung auf 160 Betten statt. Im Jahr 2012 wurde das alte Geb\u00e4ude &#8222;Sonnenhaus&#8220; restauriert.<\/p>\n<p>Heute verf\u00fcgt die Seniorie St Joseph P\u00e9tange, ein Pflegeheim mit kleinen Wohneinheiten, die f\u00fcr Menschen mit Desorientierung oder demenziellen St\u00f6rungen konzipiert sind, \u00fcber 162 Betten, die auf drei Stationen verteilt sind: Sonnenhaus, Bierg, Kordall. Die Zimmer sind mit Badezimmern und WCs ausgestattet, die f\u00fcr Personen mit eingeschr\u00e4nkter Mobilit\u00e4t eingerichtet sind. Die modernen, offenen, hellen und freundlichen R\u00e4ume mit frei zug\u00e4nglichen K\u00fcchen und Wohnzimmern laden zum Entspannen ein. Therapier\u00e4ume f\u00fcr Ergo- und Physiotherapie stehen ebenso zur Verf\u00fcgung wie Therapieg\u00e4rten, in denen man sich gerne aufh\u00e4lt.<\/p>\n<p>Das Betreuungskonzept ist f\u00fcr Senioren geeignet und auf Menschen mit Verhaltensst\u00f6rungen und Demenz spezialisiert. Das multidisziplin\u00e4re Team bietet t\u00e4glich begleitende Ma\u00dfnahmen an, um die kognitiven und motorischen F\u00e4higkeiten zu stimulieren.<\/p>\n<p>Die kulinarischen Gen\u00fcsse werden jedoch nicht vernachl\u00e4ssigt. Die vor Ort zubereitete K\u00fcche mit frischen Gerichten und seniorengerechten Men\u00fcs kann sowohl im Restaurant als auch auf der Terrasse eingenommen werden.<\/p>\n<p>Die Teilnahme an soziokulturellen Aktivit\u00e4ten in der Gemeinde, generations\u00fcbergreifende Begegnungen, h\u00e4ufige Feste und Ausfl\u00fcge beleben und verleihen dem Alltag der Bewohner Dynamik.[\/vc_column_text][\/vc_column][\/vc_row][vc_row el_id=&#8220;residence-contact-row&#8220;][vc_column width=&#8220;1\/2&#8243;][\/vc_column][vc_column width=&#8220;1\/2&#8243;][vc_column_text el_class=&#8220;al-center&#8220; css=&#8220;.vc_custom_1639044614648{margin-bottom: 0px !important;}&#8220;]<a class=\"scroll white big\" href=\"\/de\/kontakt\/\">Kontaktieren Sie uns jetzt<\/a>[\/vc_column_text][\/vc_column][\/vc_row][\/vc_section][vc_section full_width=&#8220;stretch_row&#8220; el_id=&#8220;residence-bot-sec&#8220; css=&#8220;.vc_custom_1637055312140{background-image: url(\/wp-content\/uploads\/2021\/11\/Bottom.png?id=110) !important;}&#8220;][vc_row full_width=&#8220;stretch_row_content&#8220; equal_height=&#8220;yes&#8220;][vc_column width=&#8220;1\/6&#8243;][\/vc_column][vc_column width=&#8220;2\/3&#8243; css=&#8220;.vc_custom_1637055826814{background-color: #0076b3 !important;}&#8220;][vc_row_inner gap=&#8220;10&#8243;][vc_column_inner width=&#8220;2\/3&#8243; el_id=&#8220;residence-equipment-col&#8220;][vc_column_text el_class=&#8220;white&#8220;]<\/p>\n<h3><strong>Ausstattung und Dienstleistungen<\/strong><\/h3>\n<ul class=\"residence-listing\">\n<li>148 Zimmer mit Bad und WC, f\u00fcr Bewohner mit eingeschr\u00e4nkter Mobilit\u00e4t geeignet<\/li>\n<li>Kleine Wohneinheiten mit 14 Bewohnern, die Probleme mit Desorientierung oder Demenz haben<\/li>\n<li>Moderne, helle, freundliche Strukturen mit einer frei zug\u00e4nglichen K\u00fcche sowie einem Aufenthaltsraum<\/li>\n<li>Seniorengerechtes Betreuungskonzept<\/li>\n<li>Heimische K\u00fcche mit frischer Zubereitung und angepassten Men\u00fcs<\/li>\n<li>Generations\u00fcbergreifende Begegnungen mit Kindern der Kindertagesst\u00e4tten und Jugendlichen<\/li>\n<li>Soziokulturelle Aktivit\u00e4ten in der Gemeinschaft<\/li>\n<li>Regelm\u00e4\u00dfige Feste, Organisation von Veranstaltungen und Ausfl\u00fcgen<\/li>\n<\/ul>\n<p>[\/vc_column_text][\/vc_column_inner][vc_column_inner width=&#8220;1\/3&#8243; el_id=&#8220;dk-bot-contact-col&#8220;][vc_column_text el_class=&#8220;white residence-contact-info mob-hide-767&#8243;]<\/p>\n<h2>Kontakt<\/h2>\n<p>28, rue de l\u2018Eglise<br \/>\nL-4732 PETANGE<br \/>\nTel. : <a href=\"tel:+3525090811\">50 90 81 1<\/a><br \/>\nE-mail : <a href=\"mailto:petange@zitha.lu\">petange@zitha.lu<\/a>[\/vc_column_text][vc_column_text el_class=&#8220;residence-links mob-hide-767&#8243;]<a class=\"white\" href=\"\/de\/medizinische-betreuung-petange\/\">&gt;&gt; Informationen \u00fcber die Praktizierenden<\/a><a href=\"tel:+3525090811\"><br \/>\n<\/a><a class=\"white\" href=\"\/de\/aufnahme-und-preise\/\">&gt;&gt; Aufnahme und Preise<\/a>[\/vc_column_text][\/vc_column_inner][\/vc_row_inner][vc_row_inner gap=&#8220;10&#8243;][vc_column_inner width=&#8220;2\/3&#8243;][vc_column_text el_class=&#8220;white&#8220;]<\/p>\n<h3><strong>Lage<\/strong><\/h3>\n<ul class=\"residence-listing\">\n<li>Zentral gelegen, in der N\u00e4he des Marktplatzes, der Kirche, des Parks und einer belebten Einkaufsstra\u00dfe<\/li>\n<li>Ideal f\u00fcr Menschen, die Ruhe und Nat\u00fcrlichkeit in einer Kleinstadt suchen.<\/li>\n<li>Neue Infrastruktur<\/li>\n<li>Therapiegarten und Terrasse mit einem vielf\u00e4ltigen gastronomischen Angebot<\/li>\n<li>In der N\u00e4he von \u00f6ffentlichen Verkehrsmitteln<\/li>\n<\/ul>\n<p>[\/vc_column_text][\/vc_column_inner][vc_column_inner width=&#8220;1\/3&#8243; el_id=&#8220;bot-contact-col&#8220;][vc_column_text el_class=&#8220;white residence-contact-info mob-block-767&#8243;]<\/p>\n<h2>Kontakt<\/h2>\n<p>28, rue de l\u2018Eglise<br \/>\nL-4732 PETANGE<br \/>\nTel. : <a href=\"tel:+3525090811\">50 90 81 1<\/a><br \/>\nE-mail : <a href=\"mailto:petange@zitha.lu\">petange@zitha.lu<\/a>[\/vc_column_text][vc_column_text el_class=&#8220;residence-links mob-block-767&#8243;]<a class=\"white\" href=\"\/de\/medizinische-betreuung-petange\/\">&gt;&gt; Informationen \u00fcber die Praktizierenden<\/a><a href=\"tel:+3525090811\"><br \/>\n<\/a><a class=\"white\" href=\"\/de\/aufnahme-und-preise\/\">&gt;&gt; Aufnahme und Preise<\/a>[\/vc_column_text][vc_column_text el_class=&#8220;white&#8220;]<\/p>\n<div class=\"residence-director-info\"><strong>Laurent ORIGER<\/strong><br \/>\nDirektor<\/div>\n<p>[\/vc_column_text][vc_column_text el_class=&#8220;white&#8220;]<\/p>\n<div class=\"residence-director-info\"><strong>S\u00e9verine TOFFOLI<\/strong><br \/>\nBeauftragte f\u00fcr die Leitung<\/div>\n<p>[\/vc_column_text][\/vc_column_inner][\/vc_row_inner][\/vc_column][vc_column width=&#8220;1\/6&#8243; css=&#8220;.vc_custom_1637056560238{background-color: #0076b3 !important;}&#8220;][\/vc_column][\/vc_row][\/vc_section]<\/p>\n<\/section>","protected":false},"excerpt":{"rendered":"<p>[vc_section full_width=&#8220;stretch_row&#8220; el_id=&#8220;residence-top-sec&#8220; css=&#8220;.vc_custom_1637054354909{background-image: url(\/wp-content\/uploads\/2021\/11\/Top.png?id=103) !important;}&#8220;][vc_row full_width=&#8220;stretch_row_content_no_spaces&#8220; el_id=&#8220;residence-top-row&#8220;][vc_column width=&#8220;1\/3&#8243;][vc_single_image image=&#8220;152&#8243; img_size=&#8220;full&#8220; alignment=&#8220;center&#8220;][\/vc_column][vc_column width=&#8220;2\/3&#8243;][vc_column_text] Seniorie St Joseph P\u00e9tange [\/vc_column_text][vc_column_text]Mit der Inbetriebnahme der Klinik in P\u00e9tange im Jahr<span class=\"excerpt-hellip\"> [\u2026]<\/span><\/p>\n","protected":false},"author":1,"featured_media":0,"parent":355,"menu_order":0,"comment_status":"closed","ping_status":"closed","template":"","meta":{"footnotes":""},"class_list":["post-347","page","type-page","status-publish","hentry"],"yoast_head":"<!-- This site is optimized with the Yoast SEO plugin v21.7 - https:\/\/yoast.com\/wordpress\/plugins\/seo\/ -->\n<title>Seniorie St Joseph P\u00e9tange - Zitha Senior<\/title>\n<meta name=\"robots\" content=\"index, follow, max-snippet:-1, max-image-preview:large, max-video-preview:-1\" \/>\n<link rel=\"canonical\" href=\"https:\/\/www.zithasenior.lu\/de\/seniories-residences\/seniorie-st-joseph-petange\/\" \/>\n<meta property=\"og:locale\" content=\"de_DE\" \/>\n<meta property=\"og:type\" content=\"article\" \/>\n<meta property=\"og:title\" content=\"Seniorie St Joseph P\u00e9tange - Zitha Senior\" \/>\n<meta property=\"og:description\" content=\"[vc_section full_width=&#8220;stretch_row&#8220; el_id=&#8220;residence-top-sec&#8220; css=&#8220;.vc_custom_1637054354909{background-image: url(\/wp-content\/uploads\/2021\/11\/Top.png?id=103) !important;}&#8220;][vc_row full_width=&#8220;stretch_row_content_no_spaces&#8220; el_id=&#8220;residence-top-row&#8220;][vc_column width=&#8220;1\/3&#8243;][vc_single_image image=&#8220;152&#8243; img_size=&#8220;full&#8220; alignment=&#8220;center&#8220;][\/vc_column][vc_column width=&#8220;2\/3&#8243;][vc_column_text] Seniorie St Joseph P\u00e9tange [\/vc_column_text][vc_column_text]Mit der Inbetriebnahme der Klinik in P\u00e9tange im Jahr [\u2026]\" \/>\n<meta property=\"og:url\" content=\"https:\/\/www.zithasenior.lu\/de\/seniories-residences\/seniorie-st-joseph-petange\/\" \/>\n<meta property=\"og:site_name\" content=\"Zitha Senior\" \/>\n<meta property=\"article:modified_time\" content=\"2025-05-21T06:50:52+00:00\" \/>\n<meta name=\"twitter:card\" content=\"summary_large_image\" \/>\n<meta name=\"twitter:label1\" content=\"Gesch\u00e4tzte Lesezeit\" \/>\n\t<meta name=\"twitter:data1\" content=\"3\u00a0Minuten\" \/>\n<script type=\"application\/ld+json\" class=\"yoast-schema-graph\">{\"@context\":\"https:\/\/schema.org\",\"@graph\":[{\"@type\":\"WebPage\",\"@id\":\"https:\/\/www.zithasenior.lu\/de\/seniories-residences\/seniorie-st-joseph-petange\/\",\"url\":\"https:\/\/www.zithasenior.lu\/de\/seniories-residences\/seniorie-st-joseph-petange\/\",\"name\":\"Seniorie St Joseph P\u00e9tange - Zitha Senior\",\"isPartOf\":{\"@id\":\"https:\/\/www.zithasenior.lu\/#website\"},\"datePublished\":\"2021-11-12T10:01:32+00:00\",\"dateModified\":\"2025-05-21T06:50:52+00:00\",\"breadcrumb\":{\"@id\":\"https:\/\/www.zithasenior.lu\/de\/seniories-residences\/seniorie-st-joseph-petange\/#breadcrumb\"},\"inLanguage\":\"de\",\"potentialAction\":[{\"@type\":\"ReadAction\",\"target\":[\"https:\/\/www.zithasenior.lu\/de\/seniories-residences\/seniorie-st-joseph-petange\/\"]}]},{\"@type\":\"BreadcrumbList\",\"@id\":\"https:\/\/www.zithasenior.lu\/de\/seniories-residences\/seniorie-st-joseph-petange\/#breadcrumb\",\"itemListElement\":[{\"@type\":\"ListItem\",\"position\":1,\"name\":\"Home\",\"item\":\"https:\/\/www.zithasenior.lu\/de\/\"},{\"@type\":\"ListItem\",\"position\":2,\"name\":\"Seniories &#038; R\u00e9sidences\",\"item\":\"https:\/\/www.zithasenior.lu\/de\/seniories-residences\/\"},{\"@type\":\"ListItem\",\"position\":3,\"name\":\"Seniorie St Joseph P\u00e9tange\"}]},{\"@type\":\"WebSite\",\"@id\":\"https:\/\/www.zithasenior.lu\/#website\",\"url\":\"https:\/\/www.zithasenior.lu\/\",\"name\":\"Zitha Senior\",\"description\":\"\",\"inLanguage\":\"de\"}]}<\/script>\n<!-- \/ Yoast SEO plugin. -->","yoast_head_json":{"title":"Seniorie St Joseph P\u00e9tange - Zitha Senior","robots":{"index":"index","follow":"follow","max-snippet":"max-snippet:-1","max-image-preview":"max-image-preview:large","max-video-preview":"max-video-preview:-1"},"canonical":"https:\/\/www.zithasenior.lu\/de\/seniories-residences\/seniorie-st-joseph-petange\/","og_locale":"de_DE","og_type":"article","og_title":"Seniorie St Joseph P\u00e9tange - Zitha Senior","og_description":"[vc_section full_width=&#8220;stretch_row&#8220; el_id=&#8220;residence-top-sec&#8220; css=&#8220;.vc_custom_1637054354909{background-image: url(\/wp-content\/uploads\/2021\/11\/Top.png?id=103) !important;}&#8220;][vc_row full_width=&#8220;stretch_row_content_no_spaces&#8220; el_id=&#8220;residence-top-row&#8220;][vc_column width=&#8220;1\/3&#8243;][vc_single_image image=&#8220;152&#8243; img_size=&#8220;full&#8220; alignment=&#8220;center&#8220;][\/vc_column][vc_column width=&#8220;2\/3&#8243;][vc_column_text] Seniorie St Joseph P\u00e9tange [\/vc_column_text][vc_column_text]Mit der Inbetriebnahme der Klinik in P\u00e9tange im Jahr [\u2026]","og_url":"https:\/\/www.zithasenior.lu\/de\/seniories-residences\/seniorie-st-joseph-petange\/","og_site_name":"Zitha Senior","article_modified_time":"2025-05-21T06:50:52+00:00","twitter_card":"summary_large_image","twitter_misc":{"Gesch\u00e4tzte Lesezeit":"3\u00a0Minuten"},"schema":{"@context":"https:\/\/schema.org","@graph":[{"@type":"WebPage","@id":"https:\/\/www.zithasenior.lu\/de\/seniories-residences\/seniorie-st-joseph-petange\/","url":"https:\/\/www.zithasenior.lu\/de\/seniories-residences\/seniorie-st-joseph-petange\/","name":"Seniorie St Joseph P\u00e9tange - Zitha Senior","isPartOf":{"@id":"https:\/\/www.zithasenior.lu\/#website"},"datePublished":"2021-11-12T10:01:32+00:00","dateModified":"2025-05-21T06:50:52+00:00","breadcrumb":{"@id":"https:\/\/www.zithasenior.lu\/de\/seniories-residences\/seniorie-st-joseph-petange\/#breadcrumb"},"inLanguage":"de","potentialAction":[{"@type":"ReadAction","target":["https:\/\/www.zithasenior.lu\/de\/seniories-residences\/seniorie-st-joseph-petange\/"]}]},{"@type":"BreadcrumbList","@id":"https:\/\/www.zithasenior.lu\/de\/seniories-residences\/seniorie-st-joseph-petange\/#breadcrumb","itemListElement":[{"@type":"ListItem","position":1,"name":"Home","item":"https:\/\/www.zithasenior.lu\/de\/"},{"@type":"ListItem","position":2,"name":"Seniories &#038; R\u00e9sidences","item":"https:\/\/www.zithasenior.lu\/de\/seniories-residences\/"},{"@type":"ListItem","position":3,"name":"Seniorie St Joseph P\u00e9tange"}]},{"@type":"WebSite","@id":"https:\/\/www.zithasenior.lu\/#website","url":"https:\/\/www.zithasenior.lu\/","name":"Zitha Senior","description":"","inLanguage":"de"}]}},"_links":{"self":[{"href":"https:\/\/www.zithasenior.lu\/de\/wp-json\/wp\/v2\/pages\/347","targetHints":{"allow":["GET"]}}],"collection":[{"href":"https:\/\/www.zithasenior.lu\/de\/wp-json\/wp\/v2\/pages"}],"about":[{"href":"https:\/\/www.zithasenior.lu\/de\/wp-json\/wp\/v2\/types\/page"}],"author":[{"embeddable":true,"href":"https:\/\/www.zithasenior.lu\/de\/wp-json\/wp\/v2\/users\/1"}],"replies":[{"embeddable":true,"href":"https:\/\/www.zithasenior.lu\/de\/wp-json\/wp\/v2\/comments?post=347"}],"version-history":[{"count":6,"href":"https:\/\/www.zithasenior.lu\/de\/wp-json\/wp\/v2\/pages\/347\/revisions"}],"predecessor-version":[{"id":852,"href":"https:\/\/www.zithasenior.lu\/de\/wp-json\/wp\/v2\/pages\/347\/revisions\/852"}],"up":[{"embeddable":true,"href":"https:\/\/www.zithasenior.lu\/de\/wp-json\/wp\/v2\/pages\/355"}],"wp:attachment":[{"href":"https:\/\/www.zithasenior.lu\/de\/wp-json\/wp\/v2\/media?parent=347"}],"curies":[{"name":"wp","href":"https:\/\/api.w.org\/{rel}","templated":true}]}}