{"id":324,"date":"2021-11-12T11:00:58","date_gmt":"2021-11-12T10:00:58","guid":{"rendered":"https:\/\/zithasenior.lu\/seniorie-st-jean-de-la-croix-luxembourg\/"},"modified":"2023-02-15T12:30:49","modified_gmt":"2023-02-15T11:30:49","slug":"seniorie-st-jean-de-la-croix-luxembourg","status":"publish","type":"page","link":"https:\/\/www.zithasenior.lu\/de\/seniories-residences\/seniorie-st-jean-de-la-croix-luxembourg\/","title":{"rendered":"Seniorie St Jean de la Croix Luxembourg"},"content":{"rendered":"<section class=\"wpb-content-wrapper\"><p>[vc_section full_width=&#8220;stretch_row&#8220; el_id=&#8220;residence-top-sec&#8220; css=&#8220;.vc_custom_1637054354909{background-image: url(\/wp-content\/uploads\/2021\/11\/Top.png?id=103) !important;}&#8220;][vc_row full_width=&#8220;stretch_row_content_no_spaces&#8220; el_id=&#8220;residence-top-row&#8220;][vc_column width=&#8220;1\/3&#8243;][vc_single_image image=&#8220;148&#8243; img_size=&#8220;full&#8220; alignment=&#8220;center&#8220;][\/vc_column][vc_column width=&#8220;2\/3&#8243;][vc_column_text]<\/p>\n<h1 class=\"lh-1 heading-half-mar\">Seniorie St Jean de la<br \/>\nCroix Luxembourg<\/h1>\n<p>[\/vc_column_text][vc_column_text]Leben in einer gem\u00fctlichen Atmosph\u00e4re &#8211; die Er\u00f6ffnung der Seniorie St Jean de la Croix Luxembourg erfolgte 1994 unter der Zulassung von CIPA (Centre int\u00e9gr\u00e9 pour personnes \u00e2g\u00e9es). Aufgrund des steigenden Pflegebedarfs und angesichts der verst\u00e4rkten Abh\u00e4ngigkeit der Bewohner erteilte das Ministerium f\u00fcr Familie, Integration und die Gro\u00dfregion 2016 die Zulassung als Pflegeheim. Nach dem Beginn der Restaurierungsarbeiten in den Pflegeeinheiten im Jahr 2018 wurden die notwendigen Renovierungen, Umbauten und Anpassungen nach und nach auf allen Ebenen durchgef\u00fchrt.<\/p>\n<p>Die im Zentrum der Hauptstadt gelegene Seniorie St Jean de la Croix Luxembourg verf\u00fcgt auf vier Etagen \u00fcber 92 Betten, die sich auf 80 Einzel- und 6 Doppelzimmer verteilen. Die freundlichen und ger\u00e4umigen Zimmer sind mit einer funktionalen K\u00fcchenzeile, hochwertig ausgestatteten Badezimmern und orthop\u00e4dischen Betten ausgestattet.<\/p>\n<p>F\u00fcr pflegebed\u00fcrftige Senioren stehen ger\u00e4umige Therapieeinrichtungen und freundliche Gartenanlagen zur Verf\u00fcgung.<\/p>\n<p>Das Betreuungskonzept ist f\u00fcr Senioren geeignet, mit direktem Zugang zu den Abteilungen ZithaAktiv und ZithaKin\u00e9, wo gerontologische Programme angeboten werden, wie z. B. Seniorengymnastik, Gleichgewichts\u00fcbungen, Ged\u00e4chtnistraining und vieles mehr.<\/p>\n<p>Auch die Gaumenfreuden werden nicht vernachl\u00e4ssigt. Das Restaurant der Seniorie bereitet abwechslungsreiche Gerichte sowie saisonale und traditionelle Festtagsmen\u00fcs zu.<\/p>\n<p>Um die sozialen Beziehungen zu unterst\u00fctzen und zu f\u00f6rdern und das Gemeinschaftsleben zu animieren, haben die Bewohner die M\u00f6glichkeit, regelm\u00e4\u00dfig an Gruppenaktivit\u00e4ten sowie an Ausfl\u00fcgen und Spazierg\u00e4ngen mit Begleitpersonen teilzunehmen.[\/vc_column_text][\/vc_column][\/vc_row][vc_row el_id=&#8220;residence-contact-row&#8220;][vc_column width=&#8220;1\/2&#8243;][\/vc_column][vc_column width=&#8220;1\/2&#8243;][vc_column_text el_class=&#8220;al-center&#8220; css=&#8220;.vc_custom_1638886051557{margin-bottom: 0px !important;}&#8220;]<a class=\"scroll white big\" href=\"\/de\/kontakt\/\">Kontaktieren Sie uns jetzt<\/a>[\/vc_column_text][\/vc_column][\/vc_row][\/vc_section][vc_section full_width=&#8220;stretch_row&#8220; el_id=&#8220;residence-bot-sec&#8220; css=&#8220;.vc_custom_1637055312140{background-image: url(\/wp-content\/uploads\/2021\/11\/Bottom.png?id=110) !important;}&#8220;][vc_row full_width=&#8220;stretch_row_content&#8220; equal_height=&#8220;yes&#8220;][vc_column width=&#8220;1\/6&#8243;][\/vc_column][vc_column width=&#8220;2\/3&#8243; css=&#8220;.vc_custom_1637055826814{background-color: #0076b3 !important;}&#8220;][vc_row_inner gap=&#8220;10&#8243;][vc_column_inner width=&#8220;2\/3&#8243; el_id=&#8220;residence-equipment-col&#8220;][vc_column_text el_class=&#8220;white&#8220;]<\/p>\n<h3><strong>Ausstattung und Dienstleistungen<\/strong><\/h3>\n<ul class=\"residence-listing\">\n<li>Angenehme, helle Zimmer mit viel Wohnfl\u00e4che; M\u00f6glichkeit, eigene M\u00f6bel mitzubringen<\/li>\n<li>Hoher Komfort: separates Badezimmer, Pflegebetten mit Fernbedienung<\/li>\n<li>Restaurant mit abwechslungsreichen Men\u00fcs, die auf die W\u00fcnsche der Bewohner abgestimmt sind<\/li>\n<li>Pflegeleistungen f\u00fcr Senioren mit eingeschr\u00e4nkter Mobilit\u00e4t<\/li>\n<li>Abwechslungsreiches Programm zur Erhaltung und Optimierung der Mobilit\u00e4t und des Ged\u00e4chtnisses<\/li>\n<li>Begleitete Ausfl\u00fcge<\/li>\n<li>Festtagsmen\u00fcs und Organisation von traditionellen Veranstaltungen<\/li>\n<\/ul>\n<p>[\/vc_column_text][\/vc_column_inner][vc_column_inner width=&#8220;1\/3&#8243; el_id=&#8220;dk-bot-contact-col&#8220;][vc_column_text el_class=&#8220;white residence-contact-info mob-hide-767&#8243;]<\/p>\n<h2>Kontakt<\/h2>\n<p>30, rue Ste Zithe<br \/>\nL-2763 LUXEMBOURG<br \/>\nT\u00e9l. : <a href=\"tel:+352401441\">40 144-1<\/a><br \/>\nE-mail : <a href=\"mailto:sjc@zitha.lu\">sjc@zitha.lu<\/a>[\/vc_column_text][vc_column_text el_class=&#8220;residence-links mob-hide-767&#8243;]<a class=\"white\" href=\"\/de\/medizinische-betreuung-luxembourg\/\">&gt;&gt; Informationen \u00fcber die Praktizierenden<\/a><br \/>\n<a class=\"white\" href=\"\/de\/aufnahme-und-preise\/\">&gt;&gt; Aufnahme und Preise<\/a>[\/vc_column_text][\/vc_column_inner][\/vc_row_inner][vc_row_inner gap=&#8220;10&#8243;][vc_column_inner width=&#8220;2\/3&#8243;][vc_column_text el_class=&#8220;white&#8220;]<\/p>\n<h3><strong>Lage<\/strong><\/h3>\n<ul class=\"residence-listing\">\n<li>In der N\u00e4he des Stadtzentrums, auf dem Plateau Bourbon gelegen<\/li>\n<li>Anbindung an \u00f6ffentliche Verkehrsmittel<\/li>\n<li>Restaurants zu Fu\u00df erreichbar<\/li>\n<li>Therapeutischer Garten<\/li>\n<\/ul>\n<p>[\/vc_column_text][\/vc_column_inner][vc_column_inner width=&#8220;1\/3&#8243; el_id=&#8220;bot-contact-col&#8220;][vc_column_text el_class=&#8220;white residence-contact-info mob-block-767&#8243;]<\/p>\n<h2>Kontakt<\/h2>\n<p>30, rue Ste Zithe<br \/>\nL-2763 LUXEMBOURG<br \/>\nT\u00e9l. : <a href=\"tel:+352401441\">40 144-1<\/a><br \/>\nE-mail : <a href=\"mailto:sjc@zitha.lu\">sjc@zitha.lu<\/a>[\/vc_column_text][vc_column_text el_class=&#8220;residence-links mob-block-767&#8243;]<a class=\"white\" href=\"\/de\/medizinische-betreuung-luxembourg\/\">&gt;&gt; Informationen \u00fcber die Praktizierenden<\/a><br \/>\n<a class=\"white\" href=\"\/de\/aufnahme-und-preise\/\">&gt;&gt; Aufnahme und Preise<\/a>[\/vc_column_text][vc_column_text el_class=&#8220;white&#8220;]<\/p>\n<div class=\"residence-director-info\"><strong>Heike SCHMITT<\/strong><br \/>\nDirektorin<\/div>\n<p>[\/vc_column_text][vc_column_text el_class=&#8220;white&#8220;]<\/p>\n<div class=\"residence-director-info\"><strong>Annick SCHUMACHER<\/strong><br \/>\nBeauftragte f\u00fcr die Leitung<\/div>\n<p>[\/vc_column_text][\/vc_column_inner][\/vc_row_inner][\/vc_column][vc_column width=&#8220;1\/6&#8243; css=&#8220;.vc_custom_1637056560238{background-color: #0076b3 !important;}&#8220;][\/vc_column][\/vc_row][\/vc_section]<\/p>\n<\/section>","protected":false},"excerpt":{"rendered":"<p>[vc_section full_width=&#8220;stretch_row&#8220; el_id=&#8220;residence-top-sec&#8220; css=&#8220;.vc_custom_1637054354909{background-image: url(\/wp-content\/uploads\/2021\/11\/Top.png?id=103) !important;}&#8220;][vc_row full_width=&#8220;stretch_row_content_no_spaces&#8220; el_id=&#8220;residence-top-row&#8220;][vc_column width=&#8220;1\/3&#8243;][vc_single_image image=&#8220;148&#8243; img_size=&#8220;full&#8220; alignment=&#8220;center&#8220;][\/vc_column][vc_column width=&#8220;2\/3&#8243;][vc_column_text] Seniorie St Jean de la Croix Luxembourg [\/vc_column_text][vc_column_text]Leben in einer gem\u00fctlichen Atmosph\u00e4re &#8211;<span class=\"excerpt-hellip\"> [\u2026]<\/span><\/p>\n","protected":false},"author":1,"featured_media":0,"parent":355,"menu_order":0,"comment_status":"closed","ping_status":"closed","template":"","meta":{"footnotes":""},"class_list":["post-324","page","type-page","status-publish","hentry"],"yoast_head":"<!-- This site is optimized with the Yoast SEO plugin v21.7 - https:\/\/yoast.com\/wordpress\/plugins\/seo\/ -->\n<title>Seniorie St Jean de la Croix Luxembourg - Zitha Senior<\/title>\n<meta name=\"robots\" content=\"index, follow, max-snippet:-1, max-image-preview:large, max-video-preview:-1\" \/>\n<link rel=\"canonical\" href=\"https:\/\/www.zithasenior.lu\/de\/seniories-residences\/seniorie-st-jean-de-la-croix-luxembourg\/\" \/>\n<meta property=\"og:locale\" content=\"de_DE\" \/>\n<meta property=\"og:type\" content=\"article\" \/>\n<meta property=\"og:title\" content=\"Seniorie St Jean de la Croix Luxembourg - Zitha Senior\" \/>\n<meta property=\"og:description\" content=\"[vc_section full_width=&#8220;stretch_row&#8220; el_id=&#8220;residence-top-sec&#8220; css=&#8220;.vc_custom_1637054354909{background-image: url(\/wp-content\/uploads\/2021\/11\/Top.png?id=103) !important;}&#8220;][vc_row full_width=&#8220;stretch_row_content_no_spaces&#8220; el_id=&#8220;residence-top-row&#8220;][vc_column width=&#8220;1\/3&#8243;][vc_single_image image=&#8220;148&#8243; img_size=&#8220;full&#8220; alignment=&#8220;center&#8220;][\/vc_column][vc_column width=&#8220;2\/3&#8243;][vc_column_text] Seniorie St Jean de la Croix Luxembourg [\/vc_column_text][vc_column_text]Leben in einer gem\u00fctlichen Atmosph\u00e4re &#8211; [\u2026]\" \/>\n<meta property=\"og:url\" content=\"https:\/\/www.zithasenior.lu\/de\/seniories-residences\/seniorie-st-jean-de-la-croix-luxembourg\/\" \/>\n<meta property=\"og:site_name\" content=\"Zitha Senior\" \/>\n<meta property=\"article:modified_time\" content=\"2023-02-15T11:30:49+00:00\" \/>\n<meta name=\"twitter:card\" content=\"summary_large_image\" \/>\n<meta name=\"twitter:label1\" content=\"Gesch\u00e4tzte Lesezeit\" \/>\n\t<meta name=\"twitter:data1\" content=\"2\u00a0Minuten\" \/>\n<script type=\"application\/ld+json\" class=\"yoast-schema-graph\">{\"@context\":\"https:\/\/schema.org\",\"@graph\":[{\"@type\":\"WebPage\",\"@id\":\"https:\/\/www.zithasenior.lu\/de\/seniories-residences\/seniorie-st-jean-de-la-croix-luxembourg\/\",\"url\":\"https:\/\/www.zithasenior.lu\/de\/seniories-residences\/seniorie-st-jean-de-la-croix-luxembourg\/\",\"name\":\"Seniorie St Jean de la Croix Luxembourg - Zitha Senior\",\"isPartOf\":{\"@id\":\"https:\/\/www.zithasenior.lu\/#website\"},\"datePublished\":\"2021-11-12T10:00:58+00:00\",\"dateModified\":\"2023-02-15T11:30:49+00:00\",\"breadcrumb\":{\"@id\":\"https:\/\/www.zithasenior.lu\/de\/seniories-residences\/seniorie-st-jean-de-la-croix-luxembourg\/#breadcrumb\"},\"inLanguage\":\"de\",\"potentialAction\":[{\"@type\":\"ReadAction\",\"target\":[\"https:\/\/www.zithasenior.lu\/de\/seniories-residences\/seniorie-st-jean-de-la-croix-luxembourg\/\"]}]},{\"@type\":\"BreadcrumbList\",\"@id\":\"https:\/\/www.zithasenior.lu\/de\/seniories-residences\/seniorie-st-jean-de-la-croix-luxembourg\/#breadcrumb\",\"itemListElement\":[{\"@type\":\"ListItem\",\"position\":1,\"name\":\"Home\",\"item\":\"https:\/\/www.zithasenior.lu\/de\/\"},{\"@type\":\"ListItem\",\"position\":2,\"name\":\"Seniories &#038; R\u00e9sidences\",\"item\":\"https:\/\/www.zithasenior.lu\/de\/seniories-residences\/\"},{\"@type\":\"ListItem\",\"position\":3,\"name\":\"Seniorie St Jean de la Croix Luxembourg\"}]},{\"@type\":\"WebSite\",\"@id\":\"https:\/\/www.zithasenior.lu\/#website\",\"url\":\"https:\/\/www.zithasenior.lu\/\",\"name\":\"Zitha Senior\",\"description\":\"\",\"inLanguage\":\"de\"}]}<\/script>\n<!-- \/ Yoast SEO plugin. -->","yoast_head_json":{"title":"Seniorie St Jean de la Croix Luxembourg - Zitha Senior","robots":{"index":"index","follow":"follow","max-snippet":"max-snippet:-1","max-image-preview":"max-image-preview:large","max-video-preview":"max-video-preview:-1"},"canonical":"https:\/\/www.zithasenior.lu\/de\/seniories-residences\/seniorie-st-jean-de-la-croix-luxembourg\/","og_locale":"de_DE","og_type":"article","og_title":"Seniorie St Jean de la Croix Luxembourg - Zitha Senior","og_description":"[vc_section full_width=&#8220;stretch_row&#8220; el_id=&#8220;residence-top-sec&#8220; css=&#8220;.vc_custom_1637054354909{background-image: url(\/wp-content\/uploads\/2021\/11\/Top.png?id=103) !important;}&#8220;][vc_row full_width=&#8220;stretch_row_content_no_spaces&#8220; el_id=&#8220;residence-top-row&#8220;][vc_column width=&#8220;1\/3&#8243;][vc_single_image image=&#8220;148&#8243; img_size=&#8220;full&#8220; alignment=&#8220;center&#8220;][\/vc_column][vc_column width=&#8220;2\/3&#8243;][vc_column_text] Seniorie St Jean de la Croix Luxembourg [\/vc_column_text][vc_column_text]Leben in einer gem\u00fctlichen Atmosph\u00e4re &#8211; [\u2026]","og_url":"https:\/\/www.zithasenior.lu\/de\/seniories-residences\/seniorie-st-jean-de-la-croix-luxembourg\/","og_site_name":"Zitha Senior","article_modified_time":"2023-02-15T11:30:49+00:00","twitter_card":"summary_large_image","twitter_misc":{"Gesch\u00e4tzte Lesezeit":"2\u00a0Minuten"},"schema":{"@context":"https:\/\/schema.org","@graph":[{"@type":"WebPage","@id":"https:\/\/www.zithasenior.lu\/de\/seniories-residences\/seniorie-st-jean-de-la-croix-luxembourg\/","url":"https:\/\/www.zithasenior.lu\/de\/seniories-residences\/seniorie-st-jean-de-la-croix-luxembourg\/","name":"Seniorie St Jean de la Croix Luxembourg - Zitha Senior","isPartOf":{"@id":"https:\/\/www.zithasenior.lu\/#website"},"datePublished":"2021-11-12T10:00:58+00:00","dateModified":"2023-02-15T11:30:49+00:00","breadcrumb":{"@id":"https:\/\/www.zithasenior.lu\/de\/seniories-residences\/seniorie-st-jean-de-la-croix-luxembourg\/#breadcrumb"},"inLanguage":"de","potentialAction":[{"@type":"ReadAction","target":["https:\/\/www.zithasenior.lu\/de\/seniories-residences\/seniorie-st-jean-de-la-croix-luxembourg\/"]}]},{"@type":"BreadcrumbList","@id":"https:\/\/www.zithasenior.lu\/de\/seniories-residences\/seniorie-st-jean-de-la-croix-luxembourg\/#breadcrumb","itemListElement":[{"@type":"ListItem","position":1,"name":"Home","item":"https:\/\/www.zithasenior.lu\/de\/"},{"@type":"ListItem","position":2,"name":"Seniories &#038; R\u00e9sidences","item":"https:\/\/www.zithasenior.lu\/de\/seniories-residences\/"},{"@type":"ListItem","position":3,"name":"Seniorie St Jean de la Croix Luxembourg"}]},{"@type":"WebSite","@id":"https:\/\/www.zithasenior.lu\/#website","url":"https:\/\/www.zithasenior.lu\/","name":"Zitha Senior","description":"","inLanguage":"de"}]}},"_links":{"self":[{"href":"https:\/\/www.zithasenior.lu\/de\/wp-json\/wp\/v2\/pages\/324","targetHints":{"allow":["GET"]}}],"collection":[{"href":"https:\/\/www.zithasenior.lu\/de\/wp-json\/wp\/v2\/pages"}],"about":[{"href":"https:\/\/www.zithasenior.lu\/de\/wp-json\/wp\/v2\/types\/page"}],"author":[{"embeddable":true,"href":"https:\/\/www.zithasenior.lu\/de\/wp-json\/wp\/v2\/users\/1"}],"replies":[{"embeddable":true,"href":"https:\/\/www.zithasenior.lu\/de\/wp-json\/wp\/v2\/comments?post=324"}],"version-history":[{"count":5,"href":"https:\/\/www.zithasenior.lu\/de\/wp-json\/wp\/v2\/pages\/324\/revisions"}],"predecessor-version":[{"id":524,"href":"https:\/\/www.zithasenior.lu\/de\/wp-json\/wp\/v2\/pages\/324\/revisions\/524"}],"up":[{"embeddable":true,"href":"https:\/\/www.zithasenior.lu\/de\/wp-json\/wp\/v2\/pages\/355"}],"wp:attachment":[{"href":"https:\/\/www.zithasenior.lu\/de\/wp-json\/wp\/v2\/media?parent=324"}],"curies":[{"name":"wp","href":"https:\/\/api.w.org\/{rel}","templated":true}]}}