{"id":316,"date":"2021-11-12T11:02:38","date_gmt":"2021-11-12T10:02:38","guid":{"rendered":"https:\/\/zithasenior.lu\/residence-nicolas-wies-luxembourg\/"},"modified":"2022-06-10T14:17:00","modified_gmt":"2022-06-10T12:17:00","slug":"residence-nicolas-wies-luxembourg","status":"publish","type":"page","link":"https:\/\/www.zithasenior.lu\/de\/seniories-residences\/residence-nicolas-wies-luxembourg\/","title":{"rendered":"R\u00e9sidence Nicolas Wies Luxembourg"},"content":{"rendered":"<section class=\"wpb-content-wrapper\"><p>[vc_section full_width=&#8220;stretch_row&#8220; el_id=&#8220;residence-top-sec&#8220; css=&#8220;.vc_custom_1637054354909{background-image: url(\/wp-content\/uploads\/2021\/11\/Top.png?id=103) !important;}&#8220;][vc_row full_width=&#8220;stretch_row_content_no_spaces&#8220; el_id=&#8220;residence-top-row&#8220;][vc_column width=&#8220;1\/3&#8243;][vc_single_image image=&#8220;161&#8243; img_size=&#8220;full&#8220; alignment=&#8220;center&#8220;][\/vc_column][vc_column width=&#8220;2\/3&#8243;][vc_column_text]<\/p>\n<h1 class=\"lh-1 heading-half-mar\">R\u00e9sidence Nicolas Wies<br \/>\nLuxembourg<\/h1>\n<p>[\/vc_column_text][vc_column_text]Im Herzen der Stadt Luxemburg, auf dem Plateau Bourbon, bietet die 2016 erbaute R\u00e9sidence Nicolas Wies, neben der Seniorie St Jean de la Croix Luxembourg, splendide Penth\u00e4user und erstklassige Apartments f\u00fcr kurz- oder langfristige Vermietungen. Die Penth\u00e4user, zwischen 99 und 144 m2, mit zwei Schlafzimmer, verf\u00fcgen \u00fcber eine gro\u00dfe Panoramaterrasse. Die Gr\u00f6\u00dfe der Wohnungen variiert zwischen 62 und 114m2. Alle Unterk\u00fcnfte sind mit einem Senior Security System ausgestattet und bieten den Mietern Ruhe und Sicherheit. Die gesamte Infrastruktur ist f\u00fcr Menschen mit eingeschr\u00e4nkter Mobilit\u00e4t geeignet. Alle Wohnungen\/Penth\u00e4user umfassen eine voll ausgestattete K\u00fcche und Sanit\u00e4ranlagen, die den Bed\u00fcrfnissen von Senioren entsprechen. Die leuchtende Architektur reimt auf Komfort und Wohlbefinden. Den Bewohnern steht eine private Tiefgarage zur Verf\u00fcgung.<\/p>\n<p>In Bezug auf das Catering bietet die R\u00e9sidence eine Vielzahl von Optionen, darunter den Zugang zum internen Restaurant der Seniorie (abh\u00e4ngig von den erforderlichen sanit\u00e4ren Bedingungen), die Verteilung von Mahlzeiten in die Wohnung oder die M\u00f6glichkeit, zu Hause unabh\u00e4ngig zu kochen und sich alle Produkte bringen zu lassen.<\/p>\n<p>Der Concierge-Service geht auf die individuellen Bed\u00fcrfnisse jedes Bewohners ein. Dar\u00fcber hinaus garantiert eine \u00dcberwachungsfirma die Sicherheit der Mieter.<\/p>\n<p>Falls Pflege erforderlich ist, ist ein Team von qualifizierten Pflegekr\u00e4ften rund um die Uhr anwesend. Jeder Bewohner kann auf Wunsch alle Pflege- und Betreuungsdienste der ZithaMobil (ambulante Pflege) in Anspruch nehmen.<\/p>\n<p>Kurzzeitaufenthalte eignen sich besonders f\u00fcr Menschen, die sich von einer akuten Krankheit, einer Operation, einer Krebsbehandlung, einer chronischen Krankheit oder anderen Rehabilitationsma\u00dfnahmen erholen.<\/p>\n<p>In einer ruhigen Umgebung, die von therapeutischen G\u00e4rten umgeben ist, k\u00f6nnen die Mieter die N\u00e4he zum Stadtleben genie\u00dfen und gleichzeitig die Lage der benachbarten Gesundheitszentren nutzen.[\/vc_column_text][\/vc_column][\/vc_row][vc_row el_id=&#8220;residence-contact-row&#8220;][vc_column width=&#8220;1\/2&#8243;][\/vc_column][vc_column width=&#8220;1\/2&#8243;][vc_column_text el_class=&#8220;al-center&#8220; css=&#8220;.vc_custom_1638885288953{margin-bottom: 0px !important;}&#8220;]<a class=\"scroll white big\" href=\"\/de\/kontakt\/\">Kontaktieren Sie uns jetzt<\/a>[\/vc_column_text][\/vc_column][\/vc_row][\/vc_section][vc_section full_width=&#8220;stretch_row&#8220; el_id=&#8220;residence-bot-sec&#8220; css=&#8220;.vc_custom_1637055312140{background-image: url(\/wp-content\/uploads\/2021\/11\/Bottom.png?id=110) !important;}&#8220;][vc_row full_width=&#8220;stretch_row_content&#8220; equal_height=&#8220;yes&#8220;][vc_column width=&#8220;1\/6&#8243;][\/vc_column][vc_column width=&#8220;2\/3&#8243; css=&#8220;.vc_custom_1637055826814{background-color: #0076b3 !important;}&#8220;][vc_row_inner][vc_column_inner width=&#8220;2\/3&#8243; el_id=&#8220;residence-equipment-col&#8220;][vc_column_text el_class=&#8220;white&#8220;]<\/p>\n<h3><strong>Ausstattung und Dienstleistungen<\/strong><\/h3>\n<ul class=\"residence-listing\">\n<li>Wohnungen mit einer Fl\u00e4che von 50 bis 100m\u00b2, die f\u00fcr selbstst\u00e4ndige \u00e4ltere Menschen geeignet sind<\/li>\n<li>Jede Wohnung hat eine eigene K\u00fcche und ein eigenes Bad<\/li>\n<li>Zahlreiche Dienstleistungen stehen zur Verf\u00fcgung: Restaurant, Essenslieferung, technische Unterst\u00fctzung, Haushaltshilfe, Concierge, kulturelle Aktivit\u00e4ten, Transportmittel, Parkplatz<\/li>\n<li>24-Stunden-Bereitschaft f\u00fcr Pflegeleistungen, Senior Security System<\/li>\n<li>Gerontologische Beratung, physiotherapeutische Ma\u00dfnahmen und Krankenpflege auf individuelle Verordnung<\/li>\n<\/ul>\n<p>[\/vc_column_text][\/vc_column_inner][vc_column_inner width=&#8220;1\/3&#8243; el_id=&#8220;dk-bot-contact-col&#8220;][vc_column_text el_class=&#8220;white mob-hide-767&#8243;]<\/p>\n<h2>Kontakt<\/h2>\n<p>13, rue Michel Rodange<br \/>\nL-2430 LUXEMBOURG<br \/>\nT\u00e9l. : <a href=\"tel:+325401442277\">40 144 2277<\/a><br \/>\nE-mail : <a href=\"mailto:rnw@zitha.lu\">rnw@zitha.lu<\/a><br \/>\nInternet : <a href=\"https:\/\/zitharesidences.lu\" target=\"_blank\" rel=\"noopener\">www.zitharesidences.lu<\/a>[\/vc_column_text][\/vc_column_inner][\/vc_row_inner][vc_row_inner][vc_column_inner width=&#8220;2\/3&#8243;][vc_column_text el_class=&#8220;white&#8220;]<\/p>\n<h3><strong>Lage<\/strong><\/h3>\n<ul class=\"residence-listing\">\n<li>In der N\u00e4he des Stadtzentrums, auf dem Plateau Bourbon gelegen<\/li>\n<li>Anbindung an \u00f6ffentliche Verkehrsmittel<\/li>\n<li>Restaurants zu Fu\u00df erreichbar<\/li>\n<\/ul>\n<p>[\/vc_column_text][\/vc_column_inner][vc_column_inner width=&#8220;1\/3&#8243; el_id=&#8220;bot-contact-col&#8220;][vc_column_text el_class=&#8220;white mob-block-767&#8243;]<\/p>\n<h2>Kontakt<\/h2>\n<p>13, rue Michel Rodange<br \/>\nL-2430 LUXEMBOURG<br \/>\nT\u00e9l. : <a href=\"tel:+325401442277\">40 144 2277<\/a><br \/>\nE-mail : <a href=\"mailto:rnw@zitha.lu\">rnw@zitha.lu<\/a><br \/>\nInternet : <a href=\"https:\/\/zitharesidences.lu\" target=\"_blank\" rel=\"noopener\">www.zitharesidences.lu<\/a>[\/vc_column_text][\/vc_column_inner][\/vc_row_inner][\/vc_column][vc_column width=&#8220;1\/6&#8243; css=&#8220;.vc_custom_1637056560238{background-color: #0076b3 !important;}&#8220;][\/vc_column][\/vc_row][\/vc_section]<\/p>\n<\/section>","protected":false},"excerpt":{"rendered":"<p>[vc_section full_width=&#8220;stretch_row&#8220; el_id=&#8220;residence-top-sec&#8220; css=&#8220;.vc_custom_1637054354909{background-image: url(\/wp-content\/uploads\/2021\/11\/Top.png?id=103) !important;}&#8220;][vc_row full_width=&#8220;stretch_row_content_no_spaces&#8220; el_id=&#8220;residence-top-row&#8220;][vc_column width=&#8220;1\/3&#8243;][vc_single_image image=&#8220;161&#8243; img_size=&#8220;full&#8220; alignment=&#8220;center&#8220;][\/vc_column][vc_column width=&#8220;2\/3&#8243;][vc_column_text] R\u00e9sidence Nicolas Wies Luxembourg [\/vc_column_text][vc_column_text]Im Herzen der Stadt Luxemburg, auf dem Plateau Bourbon,<span class=\"excerpt-hellip\"> [\u2026]<\/span><\/p>\n","protected":false},"author":1,"featured_media":0,"parent":355,"menu_order":0,"comment_status":"closed","ping_status":"closed","template":"","meta":{"footnotes":""},"class_list":["post-316","page","type-page","status-publish","hentry"],"yoast_head":"<!-- This site is optimized with the Yoast SEO plugin v21.7 - https:\/\/yoast.com\/wordpress\/plugins\/seo\/ -->\n<title>R\u00e9sidence Nicolas Wies Luxembourg - Zitha Senior<\/title>\n<meta name=\"robots\" content=\"index, follow, max-snippet:-1, max-image-preview:large, max-video-preview:-1\" \/>\n<link rel=\"canonical\" href=\"https:\/\/www.zithasenior.lu\/de\/seniories-residences\/residence-nicolas-wies-luxembourg\/\" \/>\n<meta property=\"og:locale\" content=\"de_DE\" \/>\n<meta property=\"og:type\" content=\"article\" \/>\n<meta property=\"og:title\" content=\"R\u00e9sidence Nicolas Wies Luxembourg - Zitha Senior\" \/>\n<meta property=\"og:description\" content=\"[vc_section full_width=&#8220;stretch_row&#8220; el_id=&#8220;residence-top-sec&#8220; css=&#8220;.vc_custom_1637054354909{background-image: url(\/wp-content\/uploads\/2021\/11\/Top.png?id=103) !important;}&#8220;][vc_row full_width=&#8220;stretch_row_content_no_spaces&#8220; el_id=&#8220;residence-top-row&#8220;][vc_column width=&#8220;1\/3&#8243;][vc_single_image image=&#8220;161&#8243; img_size=&#8220;full&#8220; alignment=&#8220;center&#8220;][\/vc_column][vc_column width=&#8220;2\/3&#8243;][vc_column_text] R\u00e9sidence Nicolas Wies Luxembourg [\/vc_column_text][vc_column_text]Im Herzen der Stadt Luxemburg, auf dem Plateau Bourbon, [\u2026]\" \/>\n<meta property=\"og:url\" content=\"https:\/\/www.zithasenior.lu\/de\/seniories-residences\/residence-nicolas-wies-luxembourg\/\" \/>\n<meta property=\"og:site_name\" content=\"Zitha Senior\" \/>\n<meta property=\"article:modified_time\" content=\"2022-06-10T12:17:00+00:00\" \/>\n<meta name=\"twitter:card\" content=\"summary_large_image\" \/>\n<meta name=\"twitter:label1\" content=\"Gesch\u00e4tzte Lesezeit\" \/>\n\t<meta name=\"twitter:data1\" content=\"3\u00a0Minuten\" \/>\n<script type=\"application\/ld+json\" class=\"yoast-schema-graph\">{\"@context\":\"https:\/\/schema.org\",\"@graph\":[{\"@type\":\"WebPage\",\"@id\":\"https:\/\/www.zithasenior.lu\/de\/seniories-residences\/residence-nicolas-wies-luxembourg\/\",\"url\":\"https:\/\/www.zithasenior.lu\/de\/seniories-residences\/residence-nicolas-wies-luxembourg\/\",\"name\":\"R\u00e9sidence Nicolas Wies Luxembourg - Zitha Senior\",\"isPartOf\":{\"@id\":\"https:\/\/www.zithasenior.lu\/#website\"},\"datePublished\":\"2021-11-12T10:02:38+00:00\",\"dateModified\":\"2022-06-10T12:17:00+00:00\",\"breadcrumb\":{\"@id\":\"https:\/\/www.zithasenior.lu\/de\/seniories-residences\/residence-nicolas-wies-luxembourg\/#breadcrumb\"},\"inLanguage\":\"de\",\"potentialAction\":[{\"@type\":\"ReadAction\",\"target\":[\"https:\/\/www.zithasenior.lu\/de\/seniories-residences\/residence-nicolas-wies-luxembourg\/\"]}]},{\"@type\":\"BreadcrumbList\",\"@id\":\"https:\/\/www.zithasenior.lu\/de\/seniories-residences\/residence-nicolas-wies-luxembourg\/#breadcrumb\",\"itemListElement\":[{\"@type\":\"ListItem\",\"position\":1,\"name\":\"Home\",\"item\":\"https:\/\/www.zithasenior.lu\/de\/\"},{\"@type\":\"ListItem\",\"position\":2,\"name\":\"Seniories &#038; R\u00e9sidences\",\"item\":\"https:\/\/www.zithasenior.lu\/de\/seniories-residences\/\"},{\"@type\":\"ListItem\",\"position\":3,\"name\":\"R\u00e9sidence Nicolas Wies Luxembourg\"}]},{\"@type\":\"WebSite\",\"@id\":\"https:\/\/www.zithasenior.lu\/#website\",\"url\":\"https:\/\/www.zithasenior.lu\/\",\"name\":\"Zitha Senior\",\"description\":\"\",\"inLanguage\":\"de\"}]}<\/script>\n<!-- \/ Yoast SEO plugin. -->","yoast_head_json":{"title":"R\u00e9sidence Nicolas Wies Luxembourg - Zitha Senior","robots":{"index":"index","follow":"follow","max-snippet":"max-snippet:-1","max-image-preview":"max-image-preview:large","max-video-preview":"max-video-preview:-1"},"canonical":"https:\/\/www.zithasenior.lu\/de\/seniories-residences\/residence-nicolas-wies-luxembourg\/","og_locale":"de_DE","og_type":"article","og_title":"R\u00e9sidence Nicolas Wies Luxembourg - Zitha Senior","og_description":"[vc_section full_width=&#8220;stretch_row&#8220; el_id=&#8220;residence-top-sec&#8220; css=&#8220;.vc_custom_1637054354909{background-image: url(\/wp-content\/uploads\/2021\/11\/Top.png?id=103) !important;}&#8220;][vc_row full_width=&#8220;stretch_row_content_no_spaces&#8220; el_id=&#8220;residence-top-row&#8220;][vc_column width=&#8220;1\/3&#8243;][vc_single_image image=&#8220;161&#8243; img_size=&#8220;full&#8220; alignment=&#8220;center&#8220;][\/vc_column][vc_column width=&#8220;2\/3&#8243;][vc_column_text] R\u00e9sidence Nicolas Wies Luxembourg [\/vc_column_text][vc_column_text]Im Herzen der Stadt Luxemburg, auf dem Plateau Bourbon, [\u2026]","og_url":"https:\/\/www.zithasenior.lu\/de\/seniories-residences\/residence-nicolas-wies-luxembourg\/","og_site_name":"Zitha Senior","article_modified_time":"2022-06-10T12:17:00+00:00","twitter_card":"summary_large_image","twitter_misc":{"Gesch\u00e4tzte Lesezeit":"3\u00a0Minuten"},"schema":{"@context":"https:\/\/schema.org","@graph":[{"@type":"WebPage","@id":"https:\/\/www.zithasenior.lu\/de\/seniories-residences\/residence-nicolas-wies-luxembourg\/","url":"https:\/\/www.zithasenior.lu\/de\/seniories-residences\/residence-nicolas-wies-luxembourg\/","name":"R\u00e9sidence Nicolas Wies Luxembourg - Zitha Senior","isPartOf":{"@id":"https:\/\/www.zithasenior.lu\/#website"},"datePublished":"2021-11-12T10:02:38+00:00","dateModified":"2022-06-10T12:17:00+00:00","breadcrumb":{"@id":"https:\/\/www.zithasenior.lu\/de\/seniories-residences\/residence-nicolas-wies-luxembourg\/#breadcrumb"},"inLanguage":"de","potentialAction":[{"@type":"ReadAction","target":["https:\/\/www.zithasenior.lu\/de\/seniories-residences\/residence-nicolas-wies-luxembourg\/"]}]},{"@type":"BreadcrumbList","@id":"https:\/\/www.zithasenior.lu\/de\/seniories-residences\/residence-nicolas-wies-luxembourg\/#breadcrumb","itemListElement":[{"@type":"ListItem","position":1,"name":"Home","item":"https:\/\/www.zithasenior.lu\/de\/"},{"@type":"ListItem","position":2,"name":"Seniories &#038; R\u00e9sidences","item":"https:\/\/www.zithasenior.lu\/de\/seniories-residences\/"},{"@type":"ListItem","position":3,"name":"R\u00e9sidence Nicolas Wies Luxembourg"}]},{"@type":"WebSite","@id":"https:\/\/www.zithasenior.lu\/#website","url":"https:\/\/www.zithasenior.lu\/","name":"Zitha Senior","description":"","inLanguage":"de"}]}},"_links":{"self":[{"href":"https:\/\/www.zithasenior.lu\/de\/wp-json\/wp\/v2\/pages\/316","targetHints":{"allow":["GET"]}}],"collection":[{"href":"https:\/\/www.zithasenior.lu\/de\/wp-json\/wp\/v2\/pages"}],"about":[{"href":"https:\/\/www.zithasenior.lu\/de\/wp-json\/wp\/v2\/types\/page"}],"author":[{"embeddable":true,"href":"https:\/\/www.zithasenior.lu\/de\/wp-json\/wp\/v2\/users\/1"}],"replies":[{"embeddable":true,"href":"https:\/\/www.zithasenior.lu\/de\/wp-json\/wp\/v2\/comments?post=316"}],"version-history":[{"count":4,"href":"https:\/\/www.zithasenior.lu\/de\/wp-json\/wp\/v2\/pages\/316\/revisions"}],"predecessor-version":[{"id":454,"href":"https:\/\/www.zithasenior.lu\/de\/wp-json\/wp\/v2\/pages\/316\/revisions\/454"}],"up":[{"embeddable":true,"href":"https:\/\/www.zithasenior.lu\/de\/wp-json\/wp\/v2\/pages\/355"}],"wp:attachment":[{"href":"https:\/\/www.zithasenior.lu\/de\/wp-json\/wp\/v2\/media?parent=316"}],"curies":[{"name":"wp","href":"https:\/\/api.w.org\/{rel}","templated":true}]}}