{"id":308,"date":"2021-11-12T10:57:43","date_gmt":"2021-11-12T09:57:43","guid":{"rendered":"https:\/\/zithasenior.lu\/admissions\/"},"modified":"2022-06-10T13:24:19","modified_gmt":"2022-06-10T11:24:19","slug":"aufnahmen","status":"publish","type":"page","link":"https:\/\/www.zithasenior.lu\/de\/aufnahmen\/","title":{"rendered":"Aufnahmen"},"content":{"rendered":"<section class=\"wpb-content-wrapper\"><p>[vc_section][vc_row][vc_column][vc_column_text]<\/p>\n<h1 class=\"al-center\">Aufnahmen<\/h1>\n<p>[\/vc_column_text][\/vc_column][\/vc_row][vc_row][vc_column][vc_column_text]Die Suche nach einer speziellen Pflegeeinrichtung f\u00fcr \u00e4ltere Menschen beginnt oft erst, wenn eine Krise eintritt. F\u00fcr den Senior ist es alles andere als ein leichter Schritt, sein Zuhause zu verlassen.<\/p>\n<p>Der Eintritt in ein Pflegeheim stellt einen wichtigen und sensiblen Schritt im Leben einer Familie dar; es ist ein Schritt, der schwierig sein kann, aber auch eine Erleichterung und eine willkommene Ver\u00e4nderung bedeuten kann.<\/p>\n<p>Die Seniorien von Zitha sind weit mehr als nur Pflegeheime; es sind Einrichtungen f\u00fcr Senioren mit einem Verlust an k\u00f6rperlicher und\/oder geistiger Unabh\u00e4ngigkeit, die es ihnen erm\u00f6glichen, ihr Leben trotz ihrer Abh\u00e4ngigkeit weiterhin in vollen Z\u00fcgen zu genie\u00dfen.<\/p>\n<p>Das Personal der Einrichtungen, das die Senioren begleitet und ihnen hilft, die mit einem solchen Umzug verbundenen Ver\u00e4nderungen reibungslos zu bew\u00e4ltigen, spielt eine zentrale Rolle bei der Integration des neuen Bewohners. Dieses neue Leben muss sich auf eine wiedergewonnene Gelassenheit st\u00fctzen k\u00f6nnen.<\/p>\n<p>Von der Gestaltung der Gemeinschaftsr\u00e4ume und der Privatr\u00e4ume \u00fcber die Qualit\u00e4t der Dienstleistungen und der Pflege bis hin zu den Unterhaltungsangeboten, Aktivit\u00e4ten und dem Empfang der Familien ist alles vorgesehen, damit sich die Bewohner zu Hause f\u00fchlen.<\/p>\n<p>Respekt, Qualit\u00e4t und Kreativit\u00e4t sind die wichtigsten Merkmale, die wir t\u00e4glich anwenden, durch ein professionelles, kompetentes und qualifiziertes Personal, das den Bewohnern zu Diensten steht.<\/p>\n<p>Um Sie zu begleiten, treffen sich die Mitarbeiter von Zitha mit Ihnen in Beratungsgespr\u00e4chen, um Ihnen die verschiedenen Schritte von der Anmeldung \u00fcber die Pflegeversicherung bis hin zur Betreuung nach der Aufnahme zu erl\u00e4utern.<\/p>\n<p>Um Lebensfreude und Mobilit\u00e4t auch im Alter zu erhalten, werden spezielle Pflege- und Betreuungsprogramme auf die physiologischen, spirituellen und psychologischen Bed\u00fcrfnisse jedes einzelnen Bewohners abgestimmt.<\/p>\n<p>Dank des Qualit\u00e4tsmanagements werden die diagnostischen und therapeutischen Methoden an die aktuellen wissenschaftlichen Empfehlungen angepasst. Hochqualifiziertes Personal sorgt f\u00fcr ihre optimale Anwendung unter Beachtung der Sicherheitsanforderungen.<\/p>\n<p>Die modernen Strukturen und individuellen R\u00e4umlichkeiten sind auf die Bed\u00fcrfnisse der Senioren abgestimmt. Sie bieten eine Umgebung, die dem Image von Zitha entspricht und die f\u00fcr Familie, Freunde und Bekannte, die ihre Angeh\u00f6rigen besuchen, eine angenehme Atmosph\u00e4re bietet.<\/p>\n<p>Das Ziel von Zitha ist es, dass Sie sich vom ersten Tag an wie zu Hause f\u00fchlen![\/vc_column_text][\/vc_column][\/vc_row][vc_row][vc_column][vc_btn title=&#8220;Aufnahme und Preise&#8220; align=&#8220;center&#8220; link=&#8220;url:%2Fde%2Faufnahme-und-preise%2F|title:Aufnahme%20%26%20Preise&#8220; el_class=&#8220;zitha-cta-btn&#8220;][\/vc_column][\/vc_row][\/vc_section]<\/p>\n<\/section>","protected":false},"excerpt":{"rendered":"<p>[vc_section][vc_row][vc_column][vc_column_text] Aufnahmen [\/vc_column_text][\/vc_column][\/vc_row][vc_row][vc_column][vc_column_text]Die Suche nach einer speziellen Pflegeeinrichtung f\u00fcr \u00e4ltere Menschen beginnt oft erst, wenn eine Krise eintritt. F\u00fcr den Senior ist es alles andere als<span class=\"excerpt-hellip\"> [\u2026]<\/span><\/p>\n","protected":false},"author":1,"featured_media":0,"parent":0,"menu_order":0,"comment_status":"closed","ping_status":"closed","template":"","meta":{"footnotes":""},"class_list":["post-308","page","type-page","status-publish","hentry"],"yoast_head":"<!-- This site is optimized with the Yoast SEO plugin v21.7 - https:\/\/yoast.com\/wordpress\/plugins\/seo\/ -->\n<title>Aufnahmen - Zitha Senior<\/title>\n<meta name=\"robots\" content=\"index, follow, max-snippet:-1, max-image-preview:large, max-video-preview:-1\" \/>\n<link rel=\"canonical\" href=\"https:\/\/www.zithasenior.lu\/de\/aufnahmen\/\" \/>\n<meta property=\"og:locale\" content=\"de_DE\" \/>\n<meta property=\"og:type\" content=\"article\" \/>\n<meta property=\"og:title\" content=\"Aufnahmen - Zitha Senior\" \/>\n<meta property=\"og:description\" content=\"[vc_section][vc_row][vc_column][vc_column_text] Aufnahmen [\/vc_column_text][\/vc_column][\/vc_row][vc_row][vc_column][vc_column_text]Die Suche nach einer speziellen Pflegeeinrichtung f\u00fcr \u00e4ltere Menschen beginnt oft erst, wenn eine Krise eintritt. F\u00fcr den Senior ist es alles andere als [\u2026]\" \/>\n<meta property=\"og:url\" content=\"https:\/\/www.zithasenior.lu\/de\/aufnahmen\/\" \/>\n<meta property=\"og:site_name\" content=\"Zitha Senior\" \/>\n<meta property=\"article:modified_time\" content=\"2022-06-10T11:24:19+00:00\" \/>\n<meta name=\"twitter:card\" content=\"summary_large_image\" \/>\n<meta name=\"twitter:label1\" content=\"Gesch\u00e4tzte Lesezeit\" \/>\n\t<meta name=\"twitter:data1\" content=\"2\u00a0Minuten\" \/>\n<script type=\"application\/ld+json\" class=\"yoast-schema-graph\">{\"@context\":\"https:\/\/schema.org\",\"@graph\":[{\"@type\":\"WebPage\",\"@id\":\"https:\/\/www.zithasenior.lu\/de\/aufnahmen\/\",\"url\":\"https:\/\/www.zithasenior.lu\/de\/aufnahmen\/\",\"name\":\"Aufnahmen - Zitha Senior\",\"isPartOf\":{\"@id\":\"https:\/\/www.zithasenior.lu\/#website\"},\"datePublished\":\"2021-11-12T09:57:43+00:00\",\"dateModified\":\"2022-06-10T11:24:19+00:00\",\"breadcrumb\":{\"@id\":\"https:\/\/www.zithasenior.lu\/de\/aufnahmen\/#breadcrumb\"},\"inLanguage\":\"de\",\"potentialAction\":[{\"@type\":\"ReadAction\",\"target\":[\"https:\/\/www.zithasenior.lu\/de\/aufnahmen\/\"]}]},{\"@type\":\"BreadcrumbList\",\"@id\":\"https:\/\/www.zithasenior.lu\/de\/aufnahmen\/#breadcrumb\",\"itemListElement\":[{\"@type\":\"ListItem\",\"position\":1,\"name\":\"Home\",\"item\":\"https:\/\/www.zithasenior.lu\/de\/\"},{\"@type\":\"ListItem\",\"position\":2,\"name\":\"Aufnahmen\"}]},{\"@type\":\"WebSite\",\"@id\":\"https:\/\/www.zithasenior.lu\/#website\",\"url\":\"https:\/\/www.zithasenior.lu\/\",\"name\":\"Zitha Senior\",\"description\":\"\",\"inLanguage\":\"de\"}]}<\/script>\n<!-- \/ Yoast SEO plugin. -->","yoast_head_json":{"title":"Aufnahmen - Zitha Senior","robots":{"index":"index","follow":"follow","max-snippet":"max-snippet:-1","max-image-preview":"max-image-preview:large","max-video-preview":"max-video-preview:-1"},"canonical":"https:\/\/www.zithasenior.lu\/de\/aufnahmen\/","og_locale":"de_DE","og_type":"article","og_title":"Aufnahmen - Zitha Senior","og_description":"[vc_section][vc_row][vc_column][vc_column_text] Aufnahmen [\/vc_column_text][\/vc_column][\/vc_row][vc_row][vc_column][vc_column_text]Die Suche nach einer speziellen Pflegeeinrichtung f\u00fcr \u00e4ltere Menschen beginnt oft erst, wenn eine Krise eintritt. F\u00fcr den Senior ist es alles andere als [\u2026]","og_url":"https:\/\/www.zithasenior.lu\/de\/aufnahmen\/","og_site_name":"Zitha Senior","article_modified_time":"2022-06-10T11:24:19+00:00","twitter_card":"summary_large_image","twitter_misc":{"Gesch\u00e4tzte Lesezeit":"2\u00a0Minuten"},"schema":{"@context":"https:\/\/schema.org","@graph":[{"@type":"WebPage","@id":"https:\/\/www.zithasenior.lu\/de\/aufnahmen\/","url":"https:\/\/www.zithasenior.lu\/de\/aufnahmen\/","name":"Aufnahmen - Zitha Senior","isPartOf":{"@id":"https:\/\/www.zithasenior.lu\/#website"},"datePublished":"2021-11-12T09:57:43+00:00","dateModified":"2022-06-10T11:24:19+00:00","breadcrumb":{"@id":"https:\/\/www.zithasenior.lu\/de\/aufnahmen\/#breadcrumb"},"inLanguage":"de","potentialAction":[{"@type":"ReadAction","target":["https:\/\/www.zithasenior.lu\/de\/aufnahmen\/"]}]},{"@type":"BreadcrumbList","@id":"https:\/\/www.zithasenior.lu\/de\/aufnahmen\/#breadcrumb","itemListElement":[{"@type":"ListItem","position":1,"name":"Home","item":"https:\/\/www.zithasenior.lu\/de\/"},{"@type":"ListItem","position":2,"name":"Aufnahmen"}]},{"@type":"WebSite","@id":"https:\/\/www.zithasenior.lu\/#website","url":"https:\/\/www.zithasenior.lu\/","name":"Zitha Senior","description":"","inLanguage":"de"}]}},"_links":{"self":[{"href":"https:\/\/www.zithasenior.lu\/de\/wp-json\/wp\/v2\/pages\/308","targetHints":{"allow":["GET"]}}],"collection":[{"href":"https:\/\/www.zithasenior.lu\/de\/wp-json\/wp\/v2\/pages"}],"about":[{"href":"https:\/\/www.zithasenior.lu\/de\/wp-json\/wp\/v2\/types\/page"}],"author":[{"embeddable":true,"href":"https:\/\/www.zithasenior.lu\/de\/wp-json\/wp\/v2\/users\/1"}],"replies":[{"embeddable":true,"href":"https:\/\/www.zithasenior.lu\/de\/wp-json\/wp\/v2\/comments?post=308"}],"version-history":[{"count":3,"href":"https:\/\/www.zithasenior.lu\/de\/wp-json\/wp\/v2\/pages\/308\/revisions"}],"predecessor-version":[{"id":440,"href":"https:\/\/www.zithasenior.lu\/de\/wp-json\/wp\/v2\/pages\/308\/revisions\/440"}],"wp:attachment":[{"href":"https:\/\/www.zithasenior.lu\/de\/wp-json\/wp\/v2\/media?parent=308"}],"curies":[{"name":"wp","href":"https:\/\/api.w.org\/{rel}","templated":true}]}}