{"id":304,"date":"2021-11-12T10:58:18","date_gmt":"2021-11-12T09:58:18","guid":{"rendered":"https:\/\/zithasenior.lu\/admissions-tarifs\/"},"modified":"2026-02-03T09:29:59","modified_gmt":"2026-02-03T08:29:59","slug":"aufnahme-und-preise","status":"publish","type":"page","link":"https:\/\/www.zithasenior.lu\/de\/aufnahme-und-preise\/","title":{"rendered":"Aufnahme und Preise"},"content":{"rendered":"<section class=\"wpb-content-wrapper\"><p>[vc_section][vc_row][vc_column][vc_column_text]<\/p>\n<h1 class=\"al-center\">Aufnahmeverfahren und Preise<\/h1>\n<p>[\/vc_column_text][\/vc_column][\/vc_row][vc_row][vc_column][vc_column_text el_class=&#8220;al-center&#8220;]Wenn Sie in eine unserer Einrichtungen (Wohnheim oder Seniorenheim) eintreten m\u00f6chten, f\u00fcllen Sie bitte das unten herunterladbare Anmeldeformular aus.[\/vc_column_text][\/vc_column][\/vc_row][vc_row][vc_column width=&#8220;1\/4&#8243;][\/vc_column][vc_column width=&#8220;1\/2&#8243;][vc_column_text el_id=&#8220;admission-download&#8220; el_class=&#8220;al-center&#8220;]Indem Sie auf den folgenden Link klicken, gelangen Sie zum Formular<br \/>\n&#8222;Aufnahmeantrag&#8220;.<\/p>\n<p><a class=\"big colored\" href=\"\/wp-content\/uploads\/2023\/11\/Demande_dadmission_version_2023-10.pdf\" target=\"_blank\" rel=\"noopener\"><i class=\"fas fa-download\"><\/i> Laden Sie das Formular &#8222;Aufnahmeantrag&#8220; herunter.<\/a><br \/>\n<a class=\"big colored\" href=\"\/wp-content\/uploads\/2023\/05\/0002PC_V2-7DF_Demande_dadmission_FicheMed.pdf\" target=\"_blank\" rel=\"noopener\"><i class=\"fas fa-download\"><\/i> Laden Sie den medizinischen Antrag f\u00fcr eine Aufnahme herunter.<\/a>[\/vc_column_text][\/vc_column][vc_column width=&#8220;1\/4&#8243;][\/vc_column][\/vc_row][vc_row][vc_column][vc_column_text el_class=&#8220;al-center&#8220;]Sie k\u00f6nnen den Antrag auch in Papierform unter der Telefonnummer: 40 144 2054 oder per E-Mail: <a href=\"mailto:admission@zitha.lu\">admission@zitha.lu<\/a> anfordern.[\/vc_column_text][vc_column_text el_class=&#8220;al-center&#8220;]Nach Eingang Ihres Aufnahmeantrags wird Ihnen ein Schreiben zugeschickt, das Sie \u00fcber das weitere Vorgehen informiert.[\/vc_column_text][\/vc_column][\/vc_row][vc_row full_width=&#8220;stretch_row&#8220; el_id=&#8220;tarif-table-row&#8220;][vc_column][vc_column_text el_id=&#8220;tarif-condition-hint&#8220; el_class=&#8220;al-center&#8220;](Tarife ab dem 1. Februar 2026\u00a0&#8211; Index 968,04)[\/vc_column_text][vc_column_text]<\/p>\n<div>\n<table id=\"tarif-table\">\n<tbody>\n<tr>\n<th colspan=\"2\"><\/th>\n<th>Typ A*<\/th>\n<th>Typ B*<\/th>\n<th>Typ C*<\/th>\n<th>Typ D*<\/th>\n<th>Typ E*<\/th>\n<\/tr>\n<tr>\n<td colspan=\"2\">Seniorie St Joseph<br \/>\nCONSDORF<\/td>\n<td>3.297,37\u20ac<\/td>\n<td>3.428,62 \u20ac<\/td>\n<td>&#8211;<\/td>\n<td>&#8211;<\/td>\n<td>&#8211;<\/td>\n<\/tr>\n<tr>\n<td colspan=\"2\">Seniorie Ste Zithe<br \/>\nCONTERN<\/td>\n<td>3.660,31 \u20ac<\/td>\n<td>&#8211;<\/td>\n<td>&#8211;<\/td>\n<td>&#8211;<\/td>\n<td>&#8211;<\/td>\n<\/tr>\n<tr>\n<td colspan=\"2\">Seniorie St Joseph<br \/>\nPETANGE<\/td>\n<td>2.821,50 \u20ac<\/td>\n<td>3.070,85 \u20ac<\/td>\n<td>3.521,87 \u20ac<\/td>\n<td>3.584,30 \u20ac<\/td>\n<td>3.646,73 \u20ac<\/td>\n<\/tr>\n<tr>\n<td colspan=\"2\">Seniorie St Jean de la Croix<br \/>\nLUXEMBOURG<\/td>\n<td>3.289,06 \u20ac<\/td>\n<td>3.530,39 \u20ac<\/td>\n<td>4.098,11 \u20ac<\/td>\n<td>4.554,79 \u20ac<\/td>\n<td>&#8211;<\/td>\n<\/tr>\n<\/tbody>\n<\/table>\n<div id=\"tarif-table-info\"><\/div>\n<\/div>\n<div id=\"tarif-table-info\">* Typ A-Typ E: Der Preis variiert je nach Gr\u00f6\u00dfe und Ausrichtung des Zimmers.<br \/>\nFinanzielle Beteiligung des Fonds National de Solidarit\u00e9, die individuell nach Einkommen gew\u00e4hrt wird.<\/div>\n<p>[\/vc_column_text][\/vc_column][\/vc_row][vc_row full_width=&#8220;stretch_row&#8220;][vc_column][vc_column_text]<\/p>\n<table id=\"residence-table\">\n<tbody>\n<tr>\n<th><\/th>\n<th>Mietpreis \/ Monat<\/th>\n<th>Mietnebenkosten \/ Monat<\/th>\n<\/tr>\n<tr>\n<td>R\u00e9sidence Nicolas Wies<br \/>\nLUXEMBOURG<\/td>\n<td>1.900\u20ac bis 2.950\u20ac<br \/>\nje nach Gr\u00f6\u00dfe und Lage<\/td>\n<td>240\u20ac bis 350\u20ac<br \/>\nInklusive Parkplatz<\/td>\n<\/tr>\n<tr>\n<td>R\u00e9sidence Sainte Zithe<br \/>\nCONTERN<\/td>\n<td>1.800\u20ac bis 3.550\u20ac<br \/>\nje nach Gr\u00f6\u00dfe und Lage<\/td>\n<td>200\u20ac bis 400\u20ac<br \/>\nGarage 100\u20ac nicht inbegriffen<\/td>\n<\/tr>\n<tr>\n<td>R\u00e9sidence B\u00e9thanie<br \/>\nPETANGE<\/td>\n<td>1.025\u20ac bis 1.650\u20ac<br \/>\nje nach Gr\u00f6\u00dfe<\/td>\n<td>200\u20ac bis 300\u20ac<\/td>\n<\/tr>\n<\/tbody>\n<\/table>\n<p>[\/vc_column_text][\/vc_column][\/vc_row][vc_row css=&#8220;.vc_custom_1637142891001{margin-top: 2em !important;}&#8220;][vc_column][vc_column_text el_class=&#8220;al-center&#8220;]<\/p>\n<h2>Betreuung, Pflege und Therapie<\/h2>\n<p>Die Betreuung erfolgt gem\u00e4\u00df dem Pflegevertrag der Pflegeversicherung und der europ\u00e4ischen Krankenkassen.[\/vc_column_text][\/vc_column][\/vc_row][vc_row full_width=&#8220;stretch_row_content&#8220; el_id=&#8220;services&#8220;][vc_column width=&#8220;2\/3&#8243;][vc_column_text]<\/p>\n<h3 class=\"underline-color\">Standardleistungen entsprechend dem gesetzlichen Rahmen.<\/h3>\n<p>[\/vc_column_text][vc_column_text]<\/p>\n<ul class=\"service-split-list\">\n<li>Soziokulturelle Aktivit\u00e4ten<\/li>\n<li>Familienfeste<\/li>\n<li>Telealarm<\/li>\n<li>Christliche und nicht-christliche seelsorgerische Begleitung<\/li>\n<li>Qualifizierte Beratung f\u00fcr Angeh\u00f6rige und Senioren<\/li>\n<li>Unterst\u00fctzung bei ethischen Fragen<\/li>\n<li>Seniorengerechte Men\u00fcs, Di\u00e4tplan<\/li>\n<li>Informationen zu Pflege- und Betreuungskonzepten<\/li>\n<li>Gerontologische Beratung<\/li>\n<li>Informationen und Unterst\u00fctzung in Bezug auf die administrativen Abl\u00e4ufe der Pflegeversicherung und\/oder Krankenversicherung<\/li>\n<li>Pr\u00e4senz von qualifiziertem Personal rund um die Uhr<\/li>\n<li>Beratung und Unterst\u00fctzung<\/li>\n<\/ul>\n<p>[\/vc_column_text][\/vc_column][vc_column width=&#8220;1\/3&#8243;][vc_column_text]<\/p>\n<h3 class=\"underline-color\">Zus\u00e4tzliche Dienstleistungen nach Wahl<\/h3>\n<p>[\/vc_column_text][vc_column_text]<\/p>\n<ul>\n<li>Friseur<\/li>\n<li>Fu\u00dfpflege<\/li>\n<li>Pflege und Reinigung der Kleidung<\/li>\n<li>Getr\u00e4nke (Zimmer &amp; Restaurant)<\/li>\n<li>Internet, Telefon und Fernsehen<\/li>\n<li>Private Transportmittel<\/li>\n<\/ul>\n<p>[\/vc_column_text][\/vc_column][\/vc_row][\/vc_section]<\/p>\n<\/section>","protected":false},"excerpt":{"rendered":"<p>[vc_section][vc_row][vc_column][vc_column_text] Aufnahmeverfahren und Preise [\/vc_column_text][\/vc_column][\/vc_row][vc_row][vc_column][vc_column_text el_class=&#8220;al-center&#8220;]Wenn Sie in eine unserer Einrichtungen (Wohnheim oder Seniorenheim) eintreten m\u00f6chten, f\u00fcllen Sie bitte das unten herunterladbare Anmeldeformular aus.[\/vc_column_text][\/vc_column][\/vc_row][vc_row][vc_column width=&#8220;1\/4&#8243;][\/vc_column][vc_column width=&#8220;1\/2&#8243;][vc_column_text<span class=\"excerpt-hellip\"> [\u2026]<\/span><\/p>\n","protected":false},"author":1,"featured_media":0,"parent":0,"menu_order":0,"comment_status":"closed","ping_status":"closed","template":"","meta":{"footnotes":""},"class_list":["post-304","page","type-page","status-publish","hentry"],"yoast_head":"<!-- This site is optimized with the Yoast SEO plugin v21.7 - https:\/\/yoast.com\/wordpress\/plugins\/seo\/ -->\n<title>Aufnahme und Preise - Zitha Senior<\/title>\n<meta name=\"robots\" content=\"index, follow, max-snippet:-1, max-image-preview:large, max-video-preview:-1\" \/>\n<link rel=\"canonical\" href=\"https:\/\/www.zithasenior.lu\/de\/aufnahme-und-preise\/\" \/>\n<meta property=\"og:locale\" content=\"de_DE\" \/>\n<meta property=\"og:type\" content=\"article\" \/>\n<meta property=\"og:title\" content=\"Aufnahme und Preise - Zitha Senior\" \/>\n<meta property=\"og:description\" content=\"[vc_section][vc_row][vc_column][vc_column_text] Aufnahmeverfahren und Preise [\/vc_column_text][\/vc_column][\/vc_row][vc_row][vc_column][vc_column_text el_class=&#8220;al-center&#8220;]Wenn Sie in eine unserer Einrichtungen (Wohnheim oder Seniorenheim) eintreten m\u00f6chten, f\u00fcllen Sie bitte das unten herunterladbare Anmeldeformular aus.[\/vc_column_text][\/vc_column][\/vc_row][vc_row][vc_column width=&#8220;1\/4&#8243;][\/vc_column][vc_column width=&#8220;1\/2&#8243;][vc_column_text [\u2026]\" \/>\n<meta property=\"og:url\" content=\"https:\/\/www.zithasenior.lu\/de\/aufnahme-und-preise\/\" \/>\n<meta property=\"og:site_name\" content=\"Zitha Senior\" \/>\n<meta property=\"article:modified_time\" content=\"2026-02-03T08:29:59+00:00\" \/>\n<meta name=\"twitter:card\" content=\"summary_large_image\" \/>\n<meta name=\"twitter:label1\" content=\"Gesch\u00e4tzte Lesezeit\" \/>\n\t<meta name=\"twitter:data1\" content=\"2\u00a0Minuten\" \/>\n<script type=\"application\/ld+json\" class=\"yoast-schema-graph\">{\"@context\":\"https:\/\/schema.org\",\"@graph\":[{\"@type\":\"WebPage\",\"@id\":\"https:\/\/www.zithasenior.lu\/de\/aufnahme-und-preise\/\",\"url\":\"https:\/\/www.zithasenior.lu\/de\/aufnahme-und-preise\/\",\"name\":\"Aufnahme und Preise - Zitha Senior\",\"isPartOf\":{\"@id\":\"https:\/\/www.zithasenior.lu\/#website\"},\"datePublished\":\"2021-11-12T09:58:18+00:00\",\"dateModified\":\"2026-02-03T08:29:59+00:00\",\"breadcrumb\":{\"@id\":\"https:\/\/www.zithasenior.lu\/de\/aufnahme-und-preise\/#breadcrumb\"},\"inLanguage\":\"de\",\"potentialAction\":[{\"@type\":\"ReadAction\",\"target\":[\"https:\/\/www.zithasenior.lu\/de\/aufnahme-und-preise\/\"]}]},{\"@type\":\"BreadcrumbList\",\"@id\":\"https:\/\/www.zithasenior.lu\/de\/aufnahme-und-preise\/#breadcrumb\",\"itemListElement\":[{\"@type\":\"ListItem\",\"position\":1,\"name\":\"Home\",\"item\":\"https:\/\/www.zithasenior.lu\/de\/\"},{\"@type\":\"ListItem\",\"position\":2,\"name\":\"Aufnahme und Preise\"}]},{\"@type\":\"WebSite\",\"@id\":\"https:\/\/www.zithasenior.lu\/#website\",\"url\":\"https:\/\/www.zithasenior.lu\/\",\"name\":\"Zitha Senior\",\"description\":\"\",\"inLanguage\":\"de\"}]}<\/script>\n<!-- \/ Yoast SEO plugin. -->","yoast_head_json":{"title":"Aufnahme und Preise - Zitha Senior","robots":{"index":"index","follow":"follow","max-snippet":"max-snippet:-1","max-image-preview":"max-image-preview:large","max-video-preview":"max-video-preview:-1"},"canonical":"https:\/\/www.zithasenior.lu\/de\/aufnahme-und-preise\/","og_locale":"de_DE","og_type":"article","og_title":"Aufnahme und Preise - Zitha Senior","og_description":"[vc_section][vc_row][vc_column][vc_column_text] Aufnahmeverfahren und Preise [\/vc_column_text][\/vc_column][\/vc_row][vc_row][vc_column][vc_column_text el_class=&#8220;al-center&#8220;]Wenn Sie in eine unserer Einrichtungen (Wohnheim oder Seniorenheim) eintreten m\u00f6chten, f\u00fcllen Sie bitte das unten herunterladbare Anmeldeformular aus.[\/vc_column_text][\/vc_column][\/vc_row][vc_row][vc_column width=&#8220;1\/4&#8243;][\/vc_column][vc_column width=&#8220;1\/2&#8243;][vc_column_text [\u2026]","og_url":"https:\/\/www.zithasenior.lu\/de\/aufnahme-und-preise\/","og_site_name":"Zitha Senior","article_modified_time":"2026-02-03T08:29:59+00:00","twitter_card":"summary_large_image","twitter_misc":{"Gesch\u00e4tzte Lesezeit":"2\u00a0Minuten"},"schema":{"@context":"https:\/\/schema.org","@graph":[{"@type":"WebPage","@id":"https:\/\/www.zithasenior.lu\/de\/aufnahme-und-preise\/","url":"https:\/\/www.zithasenior.lu\/de\/aufnahme-und-preise\/","name":"Aufnahme und Preise - Zitha Senior","isPartOf":{"@id":"https:\/\/www.zithasenior.lu\/#website"},"datePublished":"2021-11-12T09:58:18+00:00","dateModified":"2026-02-03T08:29:59+00:00","breadcrumb":{"@id":"https:\/\/www.zithasenior.lu\/de\/aufnahme-und-preise\/#breadcrumb"},"inLanguage":"de","potentialAction":[{"@type":"ReadAction","target":["https:\/\/www.zithasenior.lu\/de\/aufnahme-und-preise\/"]}]},{"@type":"BreadcrumbList","@id":"https:\/\/www.zithasenior.lu\/de\/aufnahme-und-preise\/#breadcrumb","itemListElement":[{"@type":"ListItem","position":1,"name":"Home","item":"https:\/\/www.zithasenior.lu\/de\/"},{"@type":"ListItem","position":2,"name":"Aufnahme und Preise"}]},{"@type":"WebSite","@id":"https:\/\/www.zithasenior.lu\/#website","url":"https:\/\/www.zithasenior.lu\/","name":"Zitha Senior","description":"","inLanguage":"de"}]}},"_links":{"self":[{"href":"https:\/\/www.zithasenior.lu\/de\/wp-json\/wp\/v2\/pages\/304","targetHints":{"allow":["GET"]}}],"collection":[{"href":"https:\/\/www.zithasenior.lu\/de\/wp-json\/wp\/v2\/pages"}],"about":[{"href":"https:\/\/www.zithasenior.lu\/de\/wp-json\/wp\/v2\/types\/page"}],"author":[{"embeddable":true,"href":"https:\/\/www.zithasenior.lu\/de\/wp-json\/wp\/v2\/users\/1"}],"replies":[{"embeddable":true,"href":"https:\/\/www.zithasenior.lu\/de\/wp-json\/wp\/v2\/comments?post=304"}],"version-history":[{"count":25,"href":"https:\/\/www.zithasenior.lu\/de\/wp-json\/wp\/v2\/pages\/304\/revisions"}],"predecessor-version":[{"id":898,"href":"https:\/\/www.zithasenior.lu\/de\/wp-json\/wp\/v2\/pages\/304\/revisions\/898"}],"wp:attachment":[{"href":"https:\/\/www.zithasenior.lu\/de\/wp-json\/wp\/v2\/media?parent=304"}],"curies":[{"name":"wp","href":"https:\/\/api.w.org\/{rel}","templated":true}]}}