{"id":279,"date":"2021-11-16T12:31:26","date_gmt":"2021-11-16T11:31:26","guid":{"rendered":"https:\/\/zithasenior.lu\/prise-en-charge-medicale-consdorf\/"},"modified":"2026-03-05T09:51:05","modified_gmt":"2026-03-05T08:51:05","slug":"medizinische-betreuung-consdorf","status":"publish","type":"page","link":"https:\/\/www.zithasenior.lu\/de\/medizinische-betreuung-consdorf\/","title":{"rendered":"Medizinische Betreuung Consdorf"},"content":{"rendered":"<section class=\"wpb-content-wrapper\"><p>[vc_section el_id=&#8220;prise-en-charge-sec&#8220;][vc_row][vc_column][vc_column_text]<\/p>\n<h1 class=\"al-center\">Medizinische Betreuung<\/h1>\n<p>[\/vc_column_text][\/vc_column][\/vc_row][vc_row][vc_column width=&#8220;1\/2&#8243;][vc_column_text]Zitha arbeitet mit einem kompetenten Team von Allgemein- und Fach\u00e4rzten zusammen. Der Bewohner kann seinen behandelnden Arzt unter den Vertrags\u00e4rzten w\u00e4hlen. Der Hausarzt \u00fcbernimmt die fach\u00e4rztliche Betreuung mit Diagnose und Behandlung. Ein \u00e4rztlicher Bereitschaftsdienst wird mit einer loko-regionalen Koordination gew\u00e4hrleistet, die 2020 eingef\u00fchrt wurde.[\/vc_column_text][vc_single_image image=&#8220;411&#8243; img_size=&#8220;full&#8220; alignment=&#8220;center&#8220;][\/vc_column][vc_column width=&#8220;1\/2&#8243;][vc_column_text]<\/p>\n<p class=\"medic-name al-center white\">Dr Tarik CHERGUI<\/p>\n<p class=\"medic-name al-center white\">Dr Thadd\u00e9e FOURNELLE<\/p>\n<p class=\"medic-name al-center white\">Dr Jens GERMESHAUSEN<\/p>\n<p class=\"medic-name al-center white\">Dr Herbert MACK<\/p>\n<p class=\"medic-name al-center white\">Dr F\u00e9him ROUABHI<\/p>\n<p>[\/vc_column_text][\/vc_column][\/vc_row][\/vc_section]<\/p>\n<\/section>","protected":false},"excerpt":{"rendered":"<p>[vc_section el_id=&#8220;prise-en-charge-sec&#8220;][vc_row][vc_column][vc_column_text] Medizinische Betreuung [\/vc_column_text][\/vc_column][\/vc_row][vc_row][vc_column width=&#8220;1\/2&#8243;][vc_column_text]Zitha arbeitet mit einem kompetenten Team von Allgemein- und Fach\u00e4rzten zusammen. Der Bewohner kann seinen behandelnden Arzt unter den Vertrags\u00e4rzten w\u00e4hlen.<span class=\"excerpt-hellip\"> [\u2026]<\/span><\/p>\n","protected":false},"author":1,"featured_media":0,"parent":0,"menu_order":0,"comment_status":"closed","ping_status":"closed","template":"","meta":{"footnotes":""},"class_list":["post-279","page","type-page","status-publish","hentry"],"yoast_head":"<!-- This site is optimized with the Yoast SEO plugin v21.7 - https:\/\/yoast.com\/wordpress\/plugins\/seo\/ -->\n<title>Medizinische Betreuung Consdorf - Zitha Senior<\/title>\n<meta name=\"robots\" content=\"index, follow, max-snippet:-1, max-image-preview:large, max-video-preview:-1\" \/>\n<link rel=\"canonical\" href=\"https:\/\/www.zithasenior.lu\/de\/medizinische-betreuung-consdorf\/\" \/>\n<meta property=\"og:locale\" content=\"de_DE\" \/>\n<meta property=\"og:type\" content=\"article\" \/>\n<meta property=\"og:title\" content=\"Medizinische Betreuung Consdorf - Zitha Senior\" \/>\n<meta property=\"og:description\" content=\"[vc_section el_id=&#8220;prise-en-charge-sec&#8220;][vc_row][vc_column][vc_column_text] Medizinische Betreuung [\/vc_column_text][\/vc_column][\/vc_row][vc_row][vc_column width=&#8220;1\/2&#8243;][vc_column_text]Zitha arbeitet mit einem kompetenten Team von Allgemein- und Fach\u00e4rzten zusammen. Der Bewohner kann seinen behandelnden Arzt unter den Vertrags\u00e4rzten w\u00e4hlen. [\u2026]\" \/>\n<meta property=\"og:url\" content=\"https:\/\/www.zithasenior.lu\/de\/medizinische-betreuung-consdorf\/\" \/>\n<meta property=\"og:site_name\" content=\"Zitha Senior\" \/>\n<meta property=\"article:modified_time\" content=\"2026-03-05T08:51:05+00:00\" \/>\n<meta name=\"twitter:card\" content=\"summary_large_image\" \/>\n<meta name=\"twitter:label1\" content=\"Gesch\u00e4tzte Lesezeit\" \/>\n\t<meta name=\"twitter:data1\" content=\"1\u00a0Minute\" \/>\n<script type=\"application\/ld+json\" class=\"yoast-schema-graph\">{\"@context\":\"https:\/\/schema.org\",\"@graph\":[{\"@type\":\"WebPage\",\"@id\":\"https:\/\/www.zithasenior.lu\/de\/medizinische-betreuung-consdorf\/\",\"url\":\"https:\/\/www.zithasenior.lu\/de\/medizinische-betreuung-consdorf\/\",\"name\":\"Medizinische Betreuung Consdorf - Zitha Senior\",\"isPartOf\":{\"@id\":\"https:\/\/www.zithasenior.lu\/#website\"},\"datePublished\":\"2021-11-16T11:31:26+00:00\",\"dateModified\":\"2026-03-05T08:51:05+00:00\",\"breadcrumb\":{\"@id\":\"https:\/\/www.zithasenior.lu\/de\/medizinische-betreuung-consdorf\/#breadcrumb\"},\"inLanguage\":\"de\",\"potentialAction\":[{\"@type\":\"ReadAction\",\"target\":[\"https:\/\/www.zithasenior.lu\/de\/medizinische-betreuung-consdorf\/\"]}]},{\"@type\":\"BreadcrumbList\",\"@id\":\"https:\/\/www.zithasenior.lu\/de\/medizinische-betreuung-consdorf\/#breadcrumb\",\"itemListElement\":[{\"@type\":\"ListItem\",\"position\":1,\"name\":\"Home\",\"item\":\"https:\/\/www.zithasenior.lu\/de\/\"},{\"@type\":\"ListItem\",\"position\":2,\"name\":\"Medizinische Betreuung Consdorf\"}]},{\"@type\":\"WebSite\",\"@id\":\"https:\/\/www.zithasenior.lu\/#website\",\"url\":\"https:\/\/www.zithasenior.lu\/\",\"name\":\"Zitha Senior\",\"description\":\"\",\"inLanguage\":\"de\"}]}<\/script>\n<!-- \/ Yoast SEO plugin. -->","yoast_head_json":{"title":"Medizinische Betreuung Consdorf - Zitha Senior","robots":{"index":"index","follow":"follow","max-snippet":"max-snippet:-1","max-image-preview":"max-image-preview:large","max-video-preview":"max-video-preview:-1"},"canonical":"https:\/\/www.zithasenior.lu\/de\/medizinische-betreuung-consdorf\/","og_locale":"de_DE","og_type":"article","og_title":"Medizinische Betreuung Consdorf - Zitha Senior","og_description":"[vc_section el_id=&#8220;prise-en-charge-sec&#8220;][vc_row][vc_column][vc_column_text] Medizinische Betreuung [\/vc_column_text][\/vc_column][\/vc_row][vc_row][vc_column width=&#8220;1\/2&#8243;][vc_column_text]Zitha arbeitet mit einem kompetenten Team von Allgemein- und Fach\u00e4rzten zusammen. Der Bewohner kann seinen behandelnden Arzt unter den Vertrags\u00e4rzten w\u00e4hlen. [\u2026]","og_url":"https:\/\/www.zithasenior.lu\/de\/medizinische-betreuung-consdorf\/","og_site_name":"Zitha Senior","article_modified_time":"2026-03-05T08:51:05+00:00","twitter_card":"summary_large_image","twitter_misc":{"Gesch\u00e4tzte Lesezeit":"1\u00a0Minute"},"schema":{"@context":"https:\/\/schema.org","@graph":[{"@type":"WebPage","@id":"https:\/\/www.zithasenior.lu\/de\/medizinische-betreuung-consdorf\/","url":"https:\/\/www.zithasenior.lu\/de\/medizinische-betreuung-consdorf\/","name":"Medizinische Betreuung Consdorf - Zitha Senior","isPartOf":{"@id":"https:\/\/www.zithasenior.lu\/#website"},"datePublished":"2021-11-16T11:31:26+00:00","dateModified":"2026-03-05T08:51:05+00:00","breadcrumb":{"@id":"https:\/\/www.zithasenior.lu\/de\/medizinische-betreuung-consdorf\/#breadcrumb"},"inLanguage":"de","potentialAction":[{"@type":"ReadAction","target":["https:\/\/www.zithasenior.lu\/de\/medizinische-betreuung-consdorf\/"]}]},{"@type":"BreadcrumbList","@id":"https:\/\/www.zithasenior.lu\/de\/medizinische-betreuung-consdorf\/#breadcrumb","itemListElement":[{"@type":"ListItem","position":1,"name":"Home","item":"https:\/\/www.zithasenior.lu\/de\/"},{"@type":"ListItem","position":2,"name":"Medizinische Betreuung Consdorf"}]},{"@type":"WebSite","@id":"https:\/\/www.zithasenior.lu\/#website","url":"https:\/\/www.zithasenior.lu\/","name":"Zitha Senior","description":"","inLanguage":"de"}]}},"_links":{"self":[{"href":"https:\/\/www.zithasenior.lu\/de\/wp-json\/wp\/v2\/pages\/279","targetHints":{"allow":["GET"]}}],"collection":[{"href":"https:\/\/www.zithasenior.lu\/de\/wp-json\/wp\/v2\/pages"}],"about":[{"href":"https:\/\/www.zithasenior.lu\/de\/wp-json\/wp\/v2\/types\/page"}],"author":[{"embeddable":true,"href":"https:\/\/www.zithasenior.lu\/de\/wp-json\/wp\/v2\/users\/1"}],"replies":[{"embeddable":true,"href":"https:\/\/www.zithasenior.lu\/de\/wp-json\/wp\/v2\/comments?post=279"}],"version-history":[{"count":12,"href":"https:\/\/www.zithasenior.lu\/de\/wp-json\/wp\/v2\/pages\/279\/revisions"}],"predecessor-version":[{"id":905,"href":"https:\/\/www.zithasenior.lu\/de\/wp-json\/wp\/v2\/pages\/279\/revisions\/905"}],"wp:attachment":[{"href":"https:\/\/www.zithasenior.lu\/de\/wp-json\/wp\/v2\/media?parent=279"}],"curies":[{"name":"wp","href":"https:\/\/api.w.org\/{rel}","templated":true}]}}