{"id":230,"date":"2021-11-25T11:06:17","date_gmt":"2021-11-25T10:06:17","guid":{"rendered":"https:\/\/zithasenior.lu\/?page_id=230"},"modified":"2021-11-25T11:06:17","modified_gmt":"2021-11-25T10:06:17","slug":"rechtliche-hinweise","status":"publish","type":"page","link":"https:\/\/www.zithasenior.lu\/de\/rechtliche-hinweise\/","title":{"rendered":"Rechtliche Hinweise"},"content":{"rendered":"<section class=\"wpb-content-wrapper\"><p>[vc_section][vc_row][vc_column][vc_column_text]<\/p>\n<h1 class=\"al-center\">Rechtliche Hinweise<\/h1>\n<p>[\/vc_column_text][vc_column_text]Die nachfolgenden rechtlichen Hinweise beziehen sich auf alle Inhalte der Internetseite von ZithaSenior.[\/vc_column_text][\/vc_column][\/vc_row][vc_row][vc_column][vc_column_text]<strong>ALLGEMEINE NUTZUNGSBEDINGUNGEN<\/strong><\/p>\n<p>Der Nutzer erkl\u00e4rt sich mit den vorliegenden rechtlichen Hinweise einverstanden und gibt an, diese zu respektieren. Er best\u00e4tigt ebenfalls, seine eigene IT-technische Ausstattung auf Viren oder sonstige &#8222;Schad-Software&#8220; gepr\u00fcft zu haben und dass diese sich in einwandfreiem technischem Zustand befindet. Der Nutzer alleine ist f\u00fcr die Wahl, die Nutzung und die Interpretation der \u00fcber das Internet aufgerufenen Daten verantwortlich.[\/vc_column_text][vc_column_text]<strong>INHALTE DER INTERNETSEITE<\/strong><\/p>\n<p>ZithaSenior ist zu keiner Zeit f\u00fcr eventuelle Viren oder sonstige &#8222;Schad-Software&#8220; auf seiner Seite verantwortlich. ZithaSenior beh\u00e4lt sich das Recht vor, jederzeit und ohne Vorank\u00fcndigung Korrekturen von Inhalten auf seiner Internetseite vorzunehmen. ZithaSenior engagiert sich, den Nutzern seiner Seite vorab gepr\u00fcfte Informationen und\/oder Material zur Verf\u00fcgung zu stellen, ohne jedoch dabei f\u00fcr Fehler, mangelnde Verf\u00fcgbarkeit oder Aktualit\u00e4t des Informationsmaterials verantwortlich gemacht werden zu k\u00f6nnen. Die abgebildeten Informationen stellen in keinem Fall eine Garantie f\u00fcr etwaig auftretende administrative oder p\u00e4dagogische Fehler dar. Weitere Informationen erhalten Sie sind direkt bei ZithaSenior. Nutzer, welche Ungenauigkeiten, inhaltliche Fehler oder offensichtlich rechtswidrige Inhalte auf dieser Internetseite feststellen, sind herzlich gebeten den Kontakt mit ZithaSenior aufzunehmen und uns Ihre Feststellung mitzuteilen.<\/p>\n<p>Verlinkungen zu anderen Internetseiten<\/p>\n<p>ZithaSenior bietet Ihnen, zum Zwecke der Vereinfachung, Verlinkungen zu Internetseiten Dritter. ZithaSenior hat keinerlei Einfluss auf die Inhalte und die Funktionst\u00fcchtigkeit der Internetseiten Dritter, da diese Seiten ihren eigenen rechtlichen Nutzungsbestimmungen unterliegen.<\/p>\n<p>Auch wenn ZithaSenior alles daran setzt den Nutzern seiner Seite vorab gepr\u00fcfte Informationen und\/oder Material zur Verf\u00fcgung zu stellen, ist ZithaSenior in keinster Weise f\u00fcr deren Inhalte, Verf\u00fcgbarkeit oder dort abgelegten Informationen verantwortlich.[\/vc_column_text][vc_column_text]<strong>COPYRIGHT<\/strong><\/p>\n<p>Alle auf der Interntseite www.zithasenior.lu abgelegten Informationen unterliegen dem Urheberrecht. Sofern nicht gesondert gekennzeichnet, ist die Vervielf\u00e4ltigung von Texten, Bildern und Dokumenten zu kommerziellen Zwecken strengstens untersagt. Zur Nutzung von Texten, Bildern oder angebotenen Dokumenten mit Kennzeichung der Nutzbarkeit m\u00fcssen die nachfolgenden vier Voraussetzungen gegeben sein:<\/p>\n<ul>\n<li>Freigabe zur kostenfreien Nutzung<\/li>\n<li>Bewahren der Integrit\u00e4t des vervielf\u00e4ltigten Dokuments, d.h. keine Modifikation oder \u00c4nderungen jeglicher Art<\/li>\n<li>Quellenangabe der Seite www.zithasenior.lu und des etwaigen Autors, ebenso wie der Hinweis des urheberrechtlichen Schutzes der genutzten Passagen, Bilder oder Dokumente<\/li>\n<li>Schriftliche Anfrage an die Direction M\u00e9dicale von ZithaSenior hinsichtlich der beabsichtigten Nutzung von Inhalten der Seite<\/li>\n<\/ul>\n<p>Jede Ausnahme zu den genannten Regelungen erfordert eine schriftliche Erlaubnis seitens ZithaSenior und dem etwaigen Autor der Texte oder Dokumente. Grafische Elemente \/ Bilder \/ Fotos: ohne gesonderten Hinweis unterliegen die grafischen Elemente, Bilder oder Fotos dem Urheberrecht und geh\u00f6ren entweder ZithaSenior oder dem jeweiligen Fotografen.[\/vc_column_text][vc_column_text]<strong>DATENSCHUTZ<\/strong><\/p>\n<p>Die personenbezogenen Daten, die Sie \u00fcber die Website kommunizieren, werden in \u00dcbereinstimmung mit den Regelungen der Verordnung (EU) 2016\/679 des Europ\u00e4ischen Parlaments und des Rates vom 27. April 2016 zum Schutz nat\u00fcrlicher Personen bei der Verarbeitung personenbezogener Daten (\u201eDatenschutzgrundverordnung oder DSGVO\u201c) verarbeitet.<\/p>\n<p>Bestimmte pers\u00f6nliche Daten wie Name, Postanschrift, Email-Adresse sowie Aufenthaltsland und Wohnort oder andere Daten, k\u00f6nnen im Fall einer Kontaktaufnahme per Kontaktformular oder auch durch die \u00dcbersendung von Bewerbungsunterlagen per Onlineverfahren von Ihnen abgefragt werden.<\/p>\n<p>ZithaSenior wird diese Daten nicht zu kommerziellen Zwecken nutzen und diese auch nicht an Dritte weitergeben. Die Daten aus Bewerbungsunterlagen werden zur Nachverfolgbarkeit in nicht-anonymisierter Form in einer zugriffsbeschr\u00e4nkten Datenbank gespeichert. Alle weiteren pers\u00f6nlichen Daten werden dabei nur genutzt, um Ihnen den Zugang zu diversen Kommunikationswerkzeugen oder bereitgestellten Informationen zu erm\u00f6glichen. Ihre Daten k\u00f6nnen dabei zu statistischen Zwecken in anonymisierter Form von ZithaSenior genutzt werden. Eine Eingabe Ihrer pers\u00f6nlichen Daten bleibt fakultativ, ist jedoch zur Nutzung der Kommunikationsm\u00f6glichkeiten und Erreichbarkeit der Informationen unbedingt erforderlich.<\/p>\n<p>Die IP-Adresse Ihres Computers wird automatisch vom System erfasst und gespeichert. Diese Information wird grunds\u00e4tzlich nicht von ZithaSenior weiterverarbeitet, es sei denn, spezielle Umst\u00e4nde (bspw. gerichtliche Untersuchung) erfordern dies. Dabei ist die Nutzung dieser Daten an die bestehende Gesetzgebung gebunden.<\/p>\n<p>Ihre Daten werden an die Administration unseres Unternehmens weitergeleitet, um Ihnen die gew\u00fcnschte(n) Dienstleistung(en) anbieten zu k\u00f6nnen. Dabei k\u00f6nnen Ihre Daten, Ihr Einverst\u00e4ndnis vorausgesetzt, auch an andere Abteilungen weitergeleitet werden, sofern die Administration dies f\u00fcr sinnvoll erachtet. Ihre Daten werden dabei nur solange gespeichert, wie dies als notwendig erachtet wird um Ihnen die gew\u00fcnschte(n) Dienstleistung(en) anbieten zu k\u00f6nnen und es die geltenden Gesetze erlauben. ZithaSenior ergreift dabei alle notwendigen Sicherheitsma\u00dfnahmen um die Sicherheit Ihrer Daten zu gew\u00e4hrleisten, ungeachtet der Tatsache ob es sich um sensible oder weniger sensible Daten handelt. Im Rahmen der Nutzung des Internet k\u00f6nnen jedoch nicht alle Risiken ausgeschlossen werden. In Konformit\u00e4t zum geltenden Gesetz zum Datenschutz (la loi sur la protection des donn\u00e9es), haben Sie das Recht Ihre pers\u00f6nlichen Daten einzusehen, zu modifizieren oder die Nutzung zu untersagen. Um diesbez\u00fcglich von Ihrem Recht zur Einsicht, Ver\u00e4nderung oder L\u00f6schung Ihrer Daten Gebrauch machen zu k\u00f6nnen, kontaktieren Sie bitte ZithaSenior.<\/p>\n<p>Gem\u00e4\u00df der Verordnung (EU) 2016\/679 zum Schutz nat\u00fcrlicher Personen bei der Verarbeitung personenbezogener Daten haben Sie das Recht auf Auskunft, Berichtigung und L\u00f6schung Ihrer Informationen. Sie haben auch das Recht, Ihre Einwilligung zur Nutzung jederzeit zu widerrufen.<\/p>\n<p>Die Internetseite www.zithasenior.lu greift auf das Analysetool Google Analytics zur Analyse seiner Leserschaft zu, um auf \u00e4ndernde Anforderungen oder Erwartungen der Besucher der Internetseite in Bezug auf Inhalt und Funktionalit\u00e4t der Seite rechtzeitig reagieren zu k\u00f6nnen. Wenn Sie gerne mehr zur Verfahrensweise und der Vertraulichkeit der Nutzung von Google Analytics erfahren m\u00f6chten, k\u00f6nnen Sie sich gerne unter der folgenden Internetadresse informieren: http:\/\/www.google.com\/intl\/fr\/analytics\/learn\/privacy.html.[\/vc_column_text][vc_column_text]<strong>COOKIES<\/strong><\/p>\n<p>Cookies erlauben das Speichern von Informationen hinsichtlich der Navigation auf der Internetseite. Diese Internetseite nutzt Cookies welche tempor\u00e4r im Arbeitsspeicher oder der Festplatte ihres Computers gespeichert werden. Sie wurden \u00fcber diese Verfahrensweise aufgekl\u00e4rt und geben damit Ihr Einverst\u00e4ndnis, dass die Internetseite www.zithasenior.lu diese im Rahmen der Nutzung anwendet. Anderenfalls haben Sie die M\u00f6glichkeit die Nutzung von Cookies in den Einstellungen Ihres Computers zu deaktivieren.<\/p>\n<p>Ver\u00f6ffentlicht am 25\/05\/2018 | Aktualisiert am 13\/05\/2019[\/vc_column_text][\/vc_column][\/vc_row][\/vc_section]<\/p>\n<\/section>","protected":false},"excerpt":{"rendered":"<p>[vc_section][vc_row][vc_column][vc_column_text] Rechtliche Hinweise [\/vc_column_text][vc_column_text]Die nachfolgenden rechtlichen Hinweise beziehen sich auf alle Inhalte der Internetseite von ZithaSenior.[\/vc_column_text][\/vc_column][\/vc_row][vc_row][vc_column][vc_column_text]ALLGEMEINE NUTZUNGSBEDINGUNGEN Der Nutzer erkl\u00e4rt sich mit den vorliegenden rechtlichen Hinweise<span class=\"excerpt-hellip\"> [\u2026]<\/span><\/p>\n","protected":false},"author":1,"featured_media":0,"parent":0,"menu_order":0,"comment_status":"closed","ping_status":"closed","template":"","meta":{"footnotes":""},"class_list":["post-230","page","type-page","status-publish","hentry"],"yoast_head":"<!-- This site is optimized with the Yoast SEO plugin v21.7 - https:\/\/yoast.com\/wordpress\/plugins\/seo\/ -->\n<title>Rechtliche Hinweise - Zitha Senior<\/title>\n<meta name=\"robots\" content=\"index, follow, max-snippet:-1, max-image-preview:large, max-video-preview:-1\" \/>\n<link rel=\"canonical\" href=\"https:\/\/www.zithasenior.lu\/de\/rechtliche-hinweise\/\" \/>\n<meta property=\"og:locale\" content=\"de_DE\" \/>\n<meta property=\"og:type\" content=\"article\" \/>\n<meta property=\"og:title\" content=\"Rechtliche Hinweise - Zitha Senior\" \/>\n<meta property=\"og:description\" content=\"[vc_section][vc_row][vc_column][vc_column_text] Rechtliche Hinweise [\/vc_column_text][vc_column_text]Die nachfolgenden rechtlichen Hinweise beziehen sich auf alle Inhalte der Internetseite von ZithaSenior.[\/vc_column_text][\/vc_column][\/vc_row][vc_row][vc_column][vc_column_text]ALLGEMEINE NUTZUNGSBEDINGUNGEN Der Nutzer erkl\u00e4rt sich mit den vorliegenden rechtlichen Hinweise [\u2026]\" \/>\n<meta property=\"og:url\" content=\"https:\/\/www.zithasenior.lu\/de\/rechtliche-hinweise\/\" \/>\n<meta property=\"og:site_name\" content=\"Zitha Senior\" \/>\n<meta name=\"twitter:card\" content=\"summary_large_image\" \/>\n<meta name=\"twitter:label1\" content=\"Gesch\u00e4tzte Lesezeit\" \/>\n\t<meta name=\"twitter:data1\" content=\"5\u00a0Minuten\" \/>\n<script type=\"application\/ld+json\" class=\"yoast-schema-graph\">{\"@context\":\"https:\/\/schema.org\",\"@graph\":[{\"@type\":\"WebPage\",\"@id\":\"https:\/\/www.zithasenior.lu\/de\/rechtliche-hinweise\/\",\"url\":\"https:\/\/www.zithasenior.lu\/de\/rechtliche-hinweise\/\",\"name\":\"Rechtliche Hinweise - Zitha Senior\",\"isPartOf\":{\"@id\":\"https:\/\/www.zithasenior.lu\/#website\"},\"datePublished\":\"2021-11-25T10:06:17+00:00\",\"dateModified\":\"2021-11-25T10:06:17+00:00\",\"breadcrumb\":{\"@id\":\"https:\/\/www.zithasenior.lu\/de\/rechtliche-hinweise\/#breadcrumb\"},\"inLanguage\":\"de\",\"potentialAction\":[{\"@type\":\"ReadAction\",\"target\":[\"https:\/\/www.zithasenior.lu\/de\/rechtliche-hinweise\/\"]}]},{\"@type\":\"BreadcrumbList\",\"@id\":\"https:\/\/www.zithasenior.lu\/de\/rechtliche-hinweise\/#breadcrumb\",\"itemListElement\":[{\"@type\":\"ListItem\",\"position\":1,\"name\":\"Home\",\"item\":\"https:\/\/www.zithasenior.lu\/de\/\"},{\"@type\":\"ListItem\",\"position\":2,\"name\":\"Rechtliche Hinweise\"}]},{\"@type\":\"WebSite\",\"@id\":\"https:\/\/www.zithasenior.lu\/#website\",\"url\":\"https:\/\/www.zithasenior.lu\/\",\"name\":\"Zitha Senior\",\"description\":\"\",\"inLanguage\":\"de\"}]}<\/script>\n<!-- \/ Yoast SEO plugin. -->","yoast_head_json":{"title":"Rechtliche Hinweise - Zitha Senior","robots":{"index":"index","follow":"follow","max-snippet":"max-snippet:-1","max-image-preview":"max-image-preview:large","max-video-preview":"max-video-preview:-1"},"canonical":"https:\/\/www.zithasenior.lu\/de\/rechtliche-hinweise\/","og_locale":"de_DE","og_type":"article","og_title":"Rechtliche Hinweise - Zitha Senior","og_description":"[vc_section][vc_row][vc_column][vc_column_text] Rechtliche Hinweise [\/vc_column_text][vc_column_text]Die nachfolgenden rechtlichen Hinweise beziehen sich auf alle Inhalte der Internetseite von ZithaSenior.[\/vc_column_text][\/vc_column][\/vc_row][vc_row][vc_column][vc_column_text]ALLGEMEINE NUTZUNGSBEDINGUNGEN Der Nutzer erkl\u00e4rt sich mit den vorliegenden rechtlichen Hinweise [\u2026]","og_url":"https:\/\/www.zithasenior.lu\/de\/rechtliche-hinweise\/","og_site_name":"Zitha Senior","twitter_card":"summary_large_image","twitter_misc":{"Gesch\u00e4tzte Lesezeit":"5\u00a0Minuten"},"schema":{"@context":"https:\/\/schema.org","@graph":[{"@type":"WebPage","@id":"https:\/\/www.zithasenior.lu\/de\/rechtliche-hinweise\/","url":"https:\/\/www.zithasenior.lu\/de\/rechtliche-hinweise\/","name":"Rechtliche Hinweise - Zitha Senior","isPartOf":{"@id":"https:\/\/www.zithasenior.lu\/#website"},"datePublished":"2021-11-25T10:06:17+00:00","dateModified":"2021-11-25T10:06:17+00:00","breadcrumb":{"@id":"https:\/\/www.zithasenior.lu\/de\/rechtliche-hinweise\/#breadcrumb"},"inLanguage":"de","potentialAction":[{"@type":"ReadAction","target":["https:\/\/www.zithasenior.lu\/de\/rechtliche-hinweise\/"]}]},{"@type":"BreadcrumbList","@id":"https:\/\/www.zithasenior.lu\/de\/rechtliche-hinweise\/#breadcrumb","itemListElement":[{"@type":"ListItem","position":1,"name":"Home","item":"https:\/\/www.zithasenior.lu\/de\/"},{"@type":"ListItem","position":2,"name":"Rechtliche Hinweise"}]},{"@type":"WebSite","@id":"https:\/\/www.zithasenior.lu\/#website","url":"https:\/\/www.zithasenior.lu\/","name":"Zitha Senior","description":"","inLanguage":"de"}]}},"_links":{"self":[{"href":"https:\/\/www.zithasenior.lu\/de\/wp-json\/wp\/v2\/pages\/230","targetHints":{"allow":["GET"]}}],"collection":[{"href":"https:\/\/www.zithasenior.lu\/de\/wp-json\/wp\/v2\/pages"}],"about":[{"href":"https:\/\/www.zithasenior.lu\/de\/wp-json\/wp\/v2\/types\/page"}],"author":[{"embeddable":true,"href":"https:\/\/www.zithasenior.lu\/de\/wp-json\/wp\/v2\/users\/1"}],"replies":[{"embeddable":true,"href":"https:\/\/www.zithasenior.lu\/de\/wp-json\/wp\/v2\/comments?post=230"}],"version-history":[{"count":1,"href":"https:\/\/www.zithasenior.lu\/de\/wp-json\/wp\/v2\/pages\/230\/revisions"}],"predecessor-version":[{"id":231,"href":"https:\/\/www.zithasenior.lu\/de\/wp-json\/wp\/v2\/pages\/230\/revisions\/231"}],"wp:attachment":[{"href":"https:\/\/www.zithasenior.lu\/de\/wp-json\/wp\/v2\/media?parent=230"}],"curies":[{"name":"wp","href":"https:\/\/api.w.org\/{rel}","templated":true}]}}